{"id":9965,"date":"2023-07-11T11:07:06","date_gmt":"2023-07-11T09:07:06","guid":{"rendered":"https:\/\/www.ovi.be\/product\/eendenmousse-porto-de-belie-61072\/"},"modified":"2024-11-04T10:25:11","modified_gmt":"2024-11-04T08:25:11","slug":"mousse-canard-porto-de-belie-61072","status":"publish","type":"product","link":"https:\/\/www.ovi.be\/fr\/produits\/mousse-canard-porto-de-belie-61072\/","title":{"rendered":"Mousse de canard au porto 1kg DE BELIE"},"content":{"rendered":"","protected":false},"excerpt":{"rendered":"","protected":false},"featured_media":9374,"comment_status":"closed","ping_status":"closed","template":"","meta":{"_acf_changed":false},"product_brand":[],"product_cat":[741,872,859,862],"product_tag":[],"class_list":{"0":"post-9965","1":"product","2":"type-product","3":"status-publish","4":"has-post-thumbnail","6":"product_cat-de-belie-fr","7":"product_cat-fijne-charcuterie-fr","8":"product_cat-pret-a-manger","9":"product_cat-refrigerateur","11":"first","12":"instock","13":"product-type-simple"},"acf":[],"yoast_head":"<!-- This site is optimized with the Yoast SEO plugin v26.4 - https:\/\/yoast.com\/wordpress\/plugins\/seo\/ -->\n<title>Mousse de canard au porto 1kg DE BELIE - OVI<\/title>\n<meta name=\"description\" content=\"Une d\u00e9licatesse \u00e0 base de foie de canard parfaitement aromatis\u00e9e avec une touche de porto, pr\u00e9sent\u00e9e dans un joli plat en pierre.\" \/>\n<meta name=\"robots\" content=\"index, follow, max-snippet:-1, max-image-preview:large, max-video-preview:-1\" \/>\n<link rel=\"canonical\" href=\"https:\/\/www.ovi.eu\/produits\/eendenmousse-porto-de-belie-61072\/\" \/>\n<meta property=\"og:locale\" content=\"fr_FR\" \/>\n<meta property=\"og:type\" content=\"article\" \/>\n<meta property=\"og:title\" content=\"Mousse de canard au porto 1kg DE BELIE - OVI\" \/>\n<meta property=\"og:description\" content=\"Une d\u00e9licatesse \u00e0 base de foie de canard parfaitement aromatis\u00e9e avec une touche de porto, pr\u00e9sent\u00e9e dans un joli plat en pierre.\" \/>\n<meta property=\"og:url\" content=\"https:\/\/www.ovi.eu\/produits\/eendenmousse-porto-de-belie-61072\/\" \/>\n<meta property=\"og:site_name\" content=\"OVI\" \/>\n<meta property=\"article:publisher\" content=\"https:\/\/www.facebook.com\/OlenseVleeswarenIndustrie\" \/>\n<meta property=\"article:modified_time\" content=\"2024-11-04T08:25:11+00:00\" \/>\n<meta property=\"og:image\" content=\"https:\/\/www.ovi.eu\/wp-content\/uploads\/2023\/07\/61072-scaled.jpg\" \/>\n\t<meta property=\"og:image:width\" content=\"2560\" \/>\n\t<meta property=\"og:image:height\" content=\"1864\" \/>\n\t<meta property=\"og:image:type\" content=\"image\/jpeg\" \/>\n<meta name=\"twitter:card\" content=\"summary_large_image\" \/>\n<meta name=\"twitter:label1\" content=\"Dur\u00e9e de lecture est.\" \/>\n\t<meta name=\"twitter:data1\" content=\"1 minute\" \/>\n<script type=\"application\/ld+json\" class=\"yoast-schema-graph\">{\"@context\":\"https:\/\/schema.org\",\"@graph\":[{\"@type\":\"WebPage\",\"@id\":\"https:\/\/www.ovi.eu\/produits\/eendenmousse-porto-de-belie-61072\/\",\"url\":\"https:\/\/www.ovi.eu\/produits\/eendenmousse-porto-de-belie-61072\/\",\"name\":\"Mousse de canard au porto 1kg DE BELIE - OVI\",\"isPartOf\":{\"@id\":\"https:\/\/www.ovi.be\/#website\"},\"primaryImageOfPage\":{\"@id\":\"https:\/\/www.ovi.eu\/produits\/eendenmousse-porto-de-belie-61072\/#primaryimage\"},\"image\":{\"@id\":\"https:\/\/www.ovi.eu\/produits\/eendenmousse-porto-de-belie-61072\/#primaryimage\"},\"thumbnailUrl\":\"https:\/\/www.ovi.be\/wp-content\/uploads\/2023\/07\/61072-scaled.jpg\",\"datePublished\":\"2023-07-11T09:07:06+00:00\",\"dateModified\":\"2024-11-04T08:25:11+00:00\",\"description\":\"Une d\u00e9licatesse \u00e0 base de foie de canard parfaitement aromatis\u00e9e avec une touche de porto, pr\u00e9sent\u00e9e dans un joli plat en pierre.\",\"breadcrumb\":{\"@id\":\"https:\/\/www.ovi.eu\/produits\/eendenmousse-porto-de-belie-61072\/#breadcrumb\"},\"inLanguage\":\"fr-BE\",\"potentialAction\":[{\"@type\":\"ReadAction\",\"target\":[\"https:\/\/www.ovi.eu\/produits\/eendenmousse-porto-de-belie-61072\/\"]}]},{\"@type\":\"ImageObject\",\"inLanguage\":\"fr-BE\",\"@id\":\"https:\/\/www.ovi.eu\/produits\/eendenmousse-porto-de-belie-61072\/#primaryimage\",\"url\":\"https:\/\/www.ovi.be\/wp-content\/uploads\/2023\/07\/61072-scaled.jpg\",\"contentUrl\":\"https:\/\/www.ovi.be\/wp-content\/uploads\/2023\/07\/61072-scaled.jpg\",\"width\":2560,\"height\":1864},{\"@type\":\"BreadcrumbList\",\"@id\":\"https:\/\/www.ovi.eu\/produits\/eendenmousse-porto-de-belie-61072\/#breadcrumb\",\"itemListElement\":[{\"@type\":\"ListItem\",\"position\":1,\"name\":\"Home\",\"item\":\"https:\/\/www.ovi.be\/fr\/\"},{\"@type\":\"ListItem\",\"position\":2,\"name\":\"Produits\",\"item\":\"https:\/\/www.ovi.be\/fr\/produits\/\"},{\"@type\":\"ListItem\",\"position\":3,\"name\":\"Mousse de canard au porto 1kg DE BELIE\"}]},{\"@type\":\"WebSite\",\"@id\":\"https:\/\/www.ovi.be\/#website\",\"url\":\"https:\/\/www.ovi.be\/\",\"name\":\"OVI\",\"description\":\"Your food partner\",\"publisher\":{\"@id\":\"https:\/\/www.ovi.be\/#organization\"},\"potentialAction\":[{\"@type\":\"SearchAction\",\"target\":{\"@type\":\"EntryPoint\",\"urlTemplate\":\"https:\/\/www.ovi.be\/?s={search_term_string}\"},\"query-input\":{\"@type\":\"PropertyValueSpecification\",\"valueRequired\":true,\"valueName\":\"search_term_string\"}}],\"inLanguage\":\"fr-BE\"},{\"@type\":\"Organization\",\"@id\":\"https:\/\/www.ovi.be\/#organization\",\"name\":\"OVI\",\"url\":\"https:\/\/www.ovi.be\/\",\"logo\":{\"@type\":\"ImageObject\",\"inLanguage\":\"fr-BE\",\"@id\":\"https:\/\/www.ovi.be\/#\/schema\/logo\/image\/\",\"url\":\"https:\/\/www.ovi.be\/wp-content\/uploads\/2022\/09\/mkn-ovrzct.svg\",\"contentUrl\":\"https:\/\/www.ovi.be\/wp-content\/uploads\/2022\/09\/mkn-ovrzct.svg\",\"width\":220,\"height\":187,\"caption\":\"OVI\"},\"image\":{\"@id\":\"https:\/\/www.ovi.be\/#\/schema\/logo\/image\/\"},\"sameAs\":[\"https:\/\/www.facebook.com\/OlenseVleeswarenIndustrie\",\"https:\/\/www.linkedin.com\/company\/olensevleeswarenindustrie\/\"]}]}<\/script>\n<!-- \/ Yoast SEO plugin. -->","yoast_head_json":{"title":"Mousse de canard au porto 1kg DE BELIE - OVI","description":"Une d\u00e9licatesse \u00e0 base de foie de canard parfaitement aromatis\u00e9e avec une touche de porto, pr\u00e9sent\u00e9e dans un joli plat en pierre.","robots":{"index":"index","follow":"follow","max-snippet":"max-snippet:-1","max-image-preview":"max-image-preview:large","max-video-preview":"max-video-preview:-1"},"canonical":"https:\/\/www.ovi.eu\/produits\/eendenmousse-porto-de-belie-61072\/","og_locale":"fr_FR","og_type":"article","og_title":"Mousse de canard au porto 1kg DE BELIE - OVI","og_description":"Une d\u00e9licatesse \u00e0 base de foie de canard parfaitement aromatis\u00e9e avec une touche de porto, pr\u00e9sent\u00e9e dans un joli plat en pierre.","og_url":"https:\/\/www.ovi.eu\/produits\/eendenmousse-porto-de-belie-61072\/","og_site_name":"OVI","article_publisher":"https:\/\/www.facebook.com\/OlenseVleeswarenIndustrie","article_modified_time":"2024-11-04T08:25:11+00:00","og_image":[{"width":2560,"height":1864,"url":"https:\/\/www.ovi.eu\/wp-content\/uploads\/2023\/07\/61072-scaled.jpg","type":"image\/jpeg"}],"twitter_card":"summary_large_image","twitter_misc":{"Dur\u00e9e de lecture est.":"1 minute"},"schema":{"@context":"https:\/\/schema.org","@graph":[{"@type":"WebPage","@id":"https:\/\/www.ovi.eu\/produits\/eendenmousse-porto-de-belie-61072\/","url":"https:\/\/www.ovi.eu\/produits\/eendenmousse-porto-de-belie-61072\/","name":"Mousse de canard au porto 1kg DE BELIE - OVI","isPartOf":{"@id":"https:\/\/www.ovi.be\/#website"},"primaryImageOfPage":{"@id":"https:\/\/www.ovi.eu\/produits\/eendenmousse-porto-de-belie-61072\/#primaryimage"},"image":{"@id":"https:\/\/www.ovi.eu\/produits\/eendenmousse-porto-de-belie-61072\/#primaryimage"},"thumbnailUrl":"https:\/\/www.ovi.be\/wp-content\/uploads\/2023\/07\/61072-scaled.jpg","datePublished":"2023-07-11T09:07:06+00:00","dateModified":"2024-11-04T08:25:11+00:00","description":"Une d\u00e9licatesse \u00e0 base de foie de canard parfaitement aromatis\u00e9e avec une touche de porto, pr\u00e9sent\u00e9e dans un joli plat en pierre.","breadcrumb":{"@id":"https:\/\/www.ovi.eu\/produits\/eendenmousse-porto-de-belie-61072\/#breadcrumb"},"inLanguage":"fr-BE","potentialAction":[{"@type":"ReadAction","target":["https:\/\/www.ovi.eu\/produits\/eendenmousse-porto-de-belie-61072\/"]}]},{"@type":"ImageObject","inLanguage":"fr-BE","@id":"https:\/\/www.ovi.eu\/produits\/eendenmousse-porto-de-belie-61072\/#primaryimage","url":"https:\/\/www.ovi.be\/wp-content\/uploads\/2023\/07\/61072-scaled.jpg","contentUrl":"https:\/\/www.ovi.be\/wp-content\/uploads\/2023\/07\/61072-scaled.jpg","width":2560,"height":1864},{"@type":"BreadcrumbList","@id":"https:\/\/www.ovi.eu\/produits\/eendenmousse-porto-de-belie-61072\/#breadcrumb","itemListElement":[{"@type":"ListItem","position":1,"name":"Home","item":"https:\/\/www.ovi.be\/fr\/"},{"@type":"ListItem","position":2,"name":"Produits","item":"https:\/\/www.ovi.be\/fr\/produits\/"},{"@type":"ListItem","position":3,"name":"Mousse de canard au porto 1kg DE BELIE"}]},{"@type":"WebSite","@id":"https:\/\/www.ovi.be\/#website","url":"https:\/\/www.ovi.be\/","name":"OVI","description":"Your food partner","publisher":{"@id":"https:\/\/www.ovi.be\/#organization"},"potentialAction":[{"@type":"SearchAction","target":{"@type":"EntryPoint","urlTemplate":"https:\/\/www.ovi.be\/?s={search_term_string}"},"query-input":{"@type":"PropertyValueSpecification","valueRequired":true,"valueName":"search_term_string"}}],"inLanguage":"fr-BE"},{"@type":"Organization","@id":"https:\/\/www.ovi.be\/#organization","name":"OVI","url":"https:\/\/www.ovi.be\/","logo":{"@type":"ImageObject","inLanguage":"fr-BE","@id":"https:\/\/www.ovi.be\/#\/schema\/logo\/image\/","url":"https:\/\/www.ovi.be\/wp-content\/uploads\/2022\/09\/mkn-ovrzct.svg","contentUrl":"https:\/\/www.ovi.be\/wp-content\/uploads\/2022\/09\/mkn-ovrzct.svg","width":220,"height":187,"caption":"OVI"},"image":{"@id":"https:\/\/www.ovi.be\/#\/schema\/logo\/image\/"},"sameAs":["https:\/\/www.facebook.com\/OlenseVleeswarenIndustrie","https:\/\/www.linkedin.com\/company\/olensevleeswarenindustrie\/"]}]}},"_links":{"self":[{"href":"https:\/\/www.ovi.be\/fr\/wp-json\/wp\/v2\/product\/9965","targetHints":{"allow":["GET"]}}],"collection":[{"href":"https:\/\/www.ovi.be\/fr\/wp-json\/wp\/v2\/product"}],"about":[{"href":"https:\/\/www.ovi.be\/fr\/wp-json\/wp\/v2\/types\/product"}],"replies":[{"embeddable":true,"href":"https:\/\/www.ovi.be\/fr\/wp-json\/wp\/v2\/comments?post=9965"}],"wp:featuredmedia":[{"embeddable":true,"href":"https:\/\/www.ovi.be\/fr\/wp-json\/wp\/v2\/media\/9374"}],"wp:attachment":[{"href":"https:\/\/www.ovi.be\/fr\/wp-json\/wp\/v2\/media?parent=9965"}],"wp:term":[{"taxonomy":"product_brand","embeddable":true,"href":"https:\/\/www.ovi.be\/fr\/wp-json\/wp\/v2\/product_brand?post=9965"},{"taxonomy":"product_cat","embeddable":true,"href":"https:\/\/www.ovi.be\/fr\/wp-json\/wp\/v2\/product_cat?post=9965"},{"taxonomy":"product_tag","embeddable":true,"href":"https:\/\/www.ovi.be\/fr\/wp-json\/wp\/v2\/product_tag?post=9965"}],"curies":[{"name":"wp","href":"https:\/\/api.w.org\/{rel}","templated":true}]}}