{"id":11376,"date":"2025-05-09T12:50:13","date_gmt":"2025-05-09T10:50:13","guid":{"rendered":"https:\/\/www.ovi.be\/?post_type=product&#038;p=11376"},"modified":"2025-06-06T14:20:00","modified_gmt":"2025-06-06T12:20:00","slug":"carbonnades-boeuf-10725-ovi","status":"publish","type":"product","link":"https:\/\/www.ovi.be\/fr\/produits\/carbonnades-boeuf-10725-ovi\/","title":{"rendered":"Carbonnades boeuf 1kg OVI"},"content":{"rendered":"","protected":false},"excerpt":{"rendered":"","protected":false},"featured_media":11381,"comment_status":"closed","ping_status":"closed","template":"","meta":{"_acf_changed":false},"product_brand":[],"product_cat":[852,873,856,733,858,862],"product_tag":[],"class_list":{"0":"post-11376","1":"product","2":"type-product","3":"status-publish","4":"has-post-thumbnail","6":"product_cat-au-bain-marie-fr","7":"product_cat-bereide-gerechten-fr","8":"product_cat-micro-ondes","9":"product_cat-ovi-fr","10":"product_cat-poele","11":"product_cat-refrigerateur","13":"first","14":"instock","15":"product-type-simple"},"acf":[],"yoast_head":"<!-- This site is optimized with the Yoast SEO plugin v26.4 - https:\/\/yoast.com\/wordpress\/plugins\/seo\/ -->\n<title>Carbonnades boeuf 1kg OVI - OVI<\/title>\n<meta name=\"description\" content=\"La viande est d\u00e9licieusement tendre. La sauce est riche en go\u00fbt. Ce rago\u00fbt de b\u0153uf pr\u00eat \u00e0 l&#039;emploi est id\u00e9al avec des frites ou une salade. Il est parfait pour les personnes qui recherchent \u00e0 la fois rapidit\u00e9 et qualit\u00e9.\" \/>\n<meta name=\"robots\" content=\"index, follow, max-snippet:-1, max-image-preview:large, max-video-preview:-1\" \/>\n<link rel=\"canonical\" href=\"https:\/\/www.ovi.eu\/produits\/rundsstoofvlees-10725-ovi\/\" \/>\n<meta property=\"og:locale\" content=\"fr_FR\" \/>\n<meta property=\"og:type\" content=\"article\" \/>\n<meta property=\"og:title\" content=\"Carbonnades boeuf 1kg OVI - OVI\" \/>\n<meta property=\"og:description\" content=\"La viande est d\u00e9licieusement tendre. La sauce est riche en go\u00fbt. Ce rago\u00fbt de b\u0153uf pr\u00eat \u00e0 l&#039;emploi est id\u00e9al avec des frites ou une salade. Il est parfait pour les personnes qui recherchent \u00e0 la fois rapidit\u00e9 et qualit\u00e9.\" \/>\n<meta property=\"og:url\" content=\"https:\/\/www.ovi.eu\/produits\/rundsstoofvlees-10725-ovi\/\" \/>\n<meta property=\"og:site_name\" content=\"OVI\" \/>\n<meta property=\"article:publisher\" content=\"https:\/\/www.facebook.com\/OlenseVleeswarenIndustrie\" \/>\n<meta property=\"article:modified_time\" content=\"2025-06-06T12:20:00+00:00\" \/>\n<meta property=\"og:image\" content=\"https:\/\/www.ovi.eu\/wp-content\/uploads\/2025\/05\/10725-LR-1.jpeg\" \/>\n\t<meta property=\"og:image:width\" content=\"1500\" \/>\n\t<meta property=\"og:image:height\" content=\"899\" \/>\n\t<meta property=\"og:image:type\" content=\"image\/jpeg\" \/>\n<meta name=\"twitter:card\" content=\"summary_large_image\" \/>\n<meta name=\"twitter:label1\" content=\"Dur\u00e9e de lecture est.\" \/>\n\t<meta name=\"twitter:data1\" content=\"1 minute\" \/>\n<script type=\"application\/ld+json\" class=\"yoast-schema-graph\">{\"@context\":\"https:\/\/schema.org\",\"@graph\":[{\"@type\":\"WebPage\",\"@id\":\"https:\/\/www.ovi.eu\/produits\/rundsstoofvlees-10725-ovi\/\",\"url\":\"https:\/\/www.ovi.eu\/produits\/rundsstoofvlees-10725-ovi\/\",\"name\":\"Carbonnades boeuf 1kg OVI - OVI\",\"isPartOf\":{\"@id\":\"https:\/\/www.ovi.be\/#website\"},\"primaryImageOfPage\":{\"@id\":\"https:\/\/www.ovi.eu\/produits\/rundsstoofvlees-10725-ovi\/#primaryimage\"},\"image\":{\"@id\":\"https:\/\/www.ovi.eu\/produits\/rundsstoofvlees-10725-ovi\/#primaryimage\"},\"thumbnailUrl\":\"https:\/\/www.ovi.be\/wp-content\/uploads\/2025\/05\/10725-LR-1.jpeg\",\"datePublished\":\"2025-05-09T10:50:13+00:00\",\"dateModified\":\"2025-06-06T12:20:00+00:00\",\"description\":\"La viande est d\u00e9licieusement tendre. La sauce est riche en go\u00fbt. Ce rago\u00fbt de b\u0153uf pr\u00eat \u00e0 l'emploi est id\u00e9al avec des frites ou une salade. Il est parfait pour les personnes qui recherchent \u00e0 la fois rapidit\u00e9 et qualit\u00e9.\",\"breadcrumb\":{\"@id\":\"https:\/\/www.ovi.eu\/produits\/rundsstoofvlees-10725-ovi\/#breadcrumb\"},\"inLanguage\":\"fr-BE\",\"potentialAction\":[{\"@type\":\"ReadAction\",\"target\":[\"https:\/\/www.ovi.eu\/produits\/rundsstoofvlees-10725-ovi\/\"]}]},{\"@type\":\"ImageObject\",\"inLanguage\":\"fr-BE\",\"@id\":\"https:\/\/www.ovi.eu\/produits\/rundsstoofvlees-10725-ovi\/#primaryimage\",\"url\":\"https:\/\/www.ovi.be\/wp-content\/uploads\/2025\/05\/10725-LR-1.jpeg\",\"contentUrl\":\"https:\/\/www.ovi.be\/wp-content\/uploads\/2025\/05\/10725-LR-1.jpeg\",\"width\":1500,\"height\":899},{\"@type\":\"BreadcrumbList\",\"@id\":\"https:\/\/www.ovi.eu\/produits\/rundsstoofvlees-10725-ovi\/#breadcrumb\",\"itemListElement\":[{\"@type\":\"ListItem\",\"position\":1,\"name\":\"Home\",\"item\":\"https:\/\/www.ovi.be\/fr\/\"},{\"@type\":\"ListItem\",\"position\":2,\"name\":\"Produits\",\"item\":\"https:\/\/www.ovi.be\/fr\/produits\/\"},{\"@type\":\"ListItem\",\"position\":3,\"name\":\"Carbonnades boeuf 1kg OVI\"}]},{\"@type\":\"WebSite\",\"@id\":\"https:\/\/www.ovi.be\/#website\",\"url\":\"https:\/\/www.ovi.be\/\",\"name\":\"OVI\",\"description\":\"Your food partner\",\"publisher\":{\"@id\":\"https:\/\/www.ovi.be\/#organization\"},\"potentialAction\":[{\"@type\":\"SearchAction\",\"target\":{\"@type\":\"EntryPoint\",\"urlTemplate\":\"https:\/\/www.ovi.be\/?s={search_term_string}\"},\"query-input\":{\"@type\":\"PropertyValueSpecification\",\"valueRequired\":true,\"valueName\":\"search_term_string\"}}],\"inLanguage\":\"fr-BE\"},{\"@type\":\"Organization\",\"@id\":\"https:\/\/www.ovi.be\/#organization\",\"name\":\"OVI\",\"url\":\"https:\/\/www.ovi.be\/\",\"logo\":{\"@type\":\"ImageObject\",\"inLanguage\":\"fr-BE\",\"@id\":\"https:\/\/www.ovi.be\/#\/schema\/logo\/image\/\",\"url\":\"https:\/\/www.ovi.be\/wp-content\/uploads\/2022\/09\/mkn-ovrzct.svg\",\"contentUrl\":\"https:\/\/www.ovi.be\/wp-content\/uploads\/2022\/09\/mkn-ovrzct.svg\",\"width\":220,\"height\":187,\"caption\":\"OVI\"},\"image\":{\"@id\":\"https:\/\/www.ovi.be\/#\/schema\/logo\/image\/\"},\"sameAs\":[\"https:\/\/www.facebook.com\/OlenseVleeswarenIndustrie\",\"https:\/\/www.linkedin.com\/company\/olensevleeswarenindustrie\/\"]}]}<\/script>\n<!-- \/ Yoast SEO plugin. -->","yoast_head_json":{"title":"Carbonnades boeuf 1kg OVI - OVI","description":"La viande est d\u00e9licieusement tendre. La sauce est riche en go\u00fbt. Ce rago\u00fbt de b\u0153uf pr\u00eat \u00e0 l'emploi est id\u00e9al avec des frites ou une salade. Il est parfait pour les personnes qui recherchent \u00e0 la fois rapidit\u00e9 et qualit\u00e9.","robots":{"index":"index","follow":"follow","max-snippet":"max-snippet:-1","max-image-preview":"max-image-preview:large","max-video-preview":"max-video-preview:-1"},"canonical":"https:\/\/www.ovi.eu\/produits\/rundsstoofvlees-10725-ovi\/","og_locale":"fr_FR","og_type":"article","og_title":"Carbonnades boeuf 1kg OVI - OVI","og_description":"La viande est d\u00e9licieusement tendre. La sauce est riche en go\u00fbt. Ce rago\u00fbt de b\u0153uf pr\u00eat \u00e0 l'emploi est id\u00e9al avec des frites ou une salade. Il est parfait pour les personnes qui recherchent \u00e0 la fois rapidit\u00e9 et qualit\u00e9.","og_url":"https:\/\/www.ovi.eu\/produits\/rundsstoofvlees-10725-ovi\/","og_site_name":"OVI","article_publisher":"https:\/\/www.facebook.com\/OlenseVleeswarenIndustrie","article_modified_time":"2025-06-06T12:20:00+00:00","og_image":[{"width":1500,"height":899,"url":"https:\/\/www.ovi.eu\/wp-content\/uploads\/2025\/05\/10725-LR-1.jpeg","type":"image\/jpeg"}],"twitter_card":"summary_large_image","twitter_misc":{"Dur\u00e9e de lecture est.":"1 minute"},"schema":{"@context":"https:\/\/schema.org","@graph":[{"@type":"WebPage","@id":"https:\/\/www.ovi.eu\/produits\/rundsstoofvlees-10725-ovi\/","url":"https:\/\/www.ovi.eu\/produits\/rundsstoofvlees-10725-ovi\/","name":"Carbonnades boeuf 1kg OVI - OVI","isPartOf":{"@id":"https:\/\/www.ovi.be\/#website"},"primaryImageOfPage":{"@id":"https:\/\/www.ovi.eu\/produits\/rundsstoofvlees-10725-ovi\/#primaryimage"},"image":{"@id":"https:\/\/www.ovi.eu\/produits\/rundsstoofvlees-10725-ovi\/#primaryimage"},"thumbnailUrl":"https:\/\/www.ovi.be\/wp-content\/uploads\/2025\/05\/10725-LR-1.jpeg","datePublished":"2025-05-09T10:50:13+00:00","dateModified":"2025-06-06T12:20:00+00:00","description":"La viande est d\u00e9licieusement tendre. La sauce est riche en go\u00fbt. Ce rago\u00fbt de b\u0153uf pr\u00eat \u00e0 l'emploi est id\u00e9al avec des frites ou une salade. Il est parfait pour les personnes qui recherchent \u00e0 la fois rapidit\u00e9 et qualit\u00e9.","breadcrumb":{"@id":"https:\/\/www.ovi.eu\/produits\/rundsstoofvlees-10725-ovi\/#breadcrumb"},"inLanguage":"fr-BE","potentialAction":[{"@type":"ReadAction","target":["https:\/\/www.ovi.eu\/produits\/rundsstoofvlees-10725-ovi\/"]}]},{"@type":"ImageObject","inLanguage":"fr-BE","@id":"https:\/\/www.ovi.eu\/produits\/rundsstoofvlees-10725-ovi\/#primaryimage","url":"https:\/\/www.ovi.be\/wp-content\/uploads\/2025\/05\/10725-LR-1.jpeg","contentUrl":"https:\/\/www.ovi.be\/wp-content\/uploads\/2025\/05\/10725-LR-1.jpeg","width":1500,"height":899},{"@type":"BreadcrumbList","@id":"https:\/\/www.ovi.eu\/produits\/rundsstoofvlees-10725-ovi\/#breadcrumb","itemListElement":[{"@type":"ListItem","position":1,"name":"Home","item":"https:\/\/www.ovi.be\/fr\/"},{"@type":"ListItem","position":2,"name":"Produits","item":"https:\/\/www.ovi.be\/fr\/produits\/"},{"@type":"ListItem","position":3,"name":"Carbonnades boeuf 1kg OVI"}]},{"@type":"WebSite","@id":"https:\/\/www.ovi.be\/#website","url":"https:\/\/www.ovi.be\/","name":"OVI","description":"Your food partner","publisher":{"@id":"https:\/\/www.ovi.be\/#organization"},"potentialAction":[{"@type":"SearchAction","target":{"@type":"EntryPoint","urlTemplate":"https:\/\/www.ovi.be\/?s={search_term_string}"},"query-input":{"@type":"PropertyValueSpecification","valueRequired":true,"valueName":"search_term_string"}}],"inLanguage":"fr-BE"},{"@type":"Organization","@id":"https:\/\/www.ovi.be\/#organization","name":"OVI","url":"https:\/\/www.ovi.be\/","logo":{"@type":"ImageObject","inLanguage":"fr-BE","@id":"https:\/\/www.ovi.be\/#\/schema\/logo\/image\/","url":"https:\/\/www.ovi.be\/wp-content\/uploads\/2022\/09\/mkn-ovrzct.svg","contentUrl":"https:\/\/www.ovi.be\/wp-content\/uploads\/2022\/09\/mkn-ovrzct.svg","width":220,"height":187,"caption":"OVI"},"image":{"@id":"https:\/\/www.ovi.be\/#\/schema\/logo\/image\/"},"sameAs":["https:\/\/www.facebook.com\/OlenseVleeswarenIndustrie","https:\/\/www.linkedin.com\/company\/olensevleeswarenindustrie\/"]}]}},"_links":{"self":[{"href":"https:\/\/www.ovi.be\/fr\/wp-json\/wp\/v2\/product\/11376","targetHints":{"allow":["GET"]}}],"collection":[{"href":"https:\/\/www.ovi.be\/fr\/wp-json\/wp\/v2\/product"}],"about":[{"href":"https:\/\/www.ovi.be\/fr\/wp-json\/wp\/v2\/types\/product"}],"replies":[{"embeddable":true,"href":"https:\/\/www.ovi.be\/fr\/wp-json\/wp\/v2\/comments?post=11376"}],"wp:featuredmedia":[{"embeddable":true,"href":"https:\/\/www.ovi.be\/fr\/wp-json\/wp\/v2\/media\/11381"}],"wp:attachment":[{"href":"https:\/\/www.ovi.be\/fr\/wp-json\/wp\/v2\/media?parent=11376"}],"wp:term":[{"taxonomy":"product_brand","embeddable":true,"href":"https:\/\/www.ovi.be\/fr\/wp-json\/wp\/v2\/product_brand?post=11376"},{"taxonomy":"product_cat","embeddable":true,"href":"https:\/\/www.ovi.be\/fr\/wp-json\/wp\/v2\/product_cat?post=11376"},{"taxonomy":"product_tag","embeddable":true,"href":"https:\/\/www.ovi.be\/fr\/wp-json\/wp\/v2\/product_tag?post=11376"}],"curies":[{"name":"wp","href":"https:\/\/api.w.org\/{rel}","templated":true}]}}