{"id":10501,"date":"2022-11-10T17:40:44","date_gmt":"2022-11-10T15:40:44","guid":{"rendered":"https:\/\/www.ovi.be\/product\/pyms-rundsburger-ovi-20299\/"},"modified":"2024-11-07T15:17:36","modified_gmt":"2024-11-07T13:17:36","slug":"pyms-burger-boeuf-ovi-20299","status":"publish","type":"product","link":"https:\/\/www.ovi.be\/fr\/produits\/pyms-burger-boeuf-ovi-20299\/","title":{"rendered":"Pym&rsquo;s burger de boeuf 16 x 200g OVI"},"content":{"rendered":"","protected":false},"excerpt":{"rendered":"","protected":false},"featured_media":11156,"comment_status":"closed","ping_status":"closed","template":"","meta":{"_acf_changed":false},"product_brand":[],"product_cat":[853,773,855,733,858,866],"product_tag":[900],"class_list":{"0":"post-10501","1":"product","2":"type-product","3":"status-publish","4":"has-post-thumbnail","6":"product_cat-bbq-fr","7":"product_cat-congelateur","8":"product_cat-gril-fr","9":"product_cat-ovi-fr","10":"product_cat-poele","11":"product_cat-snacks-fr","12":"product_tag-hamburger-fr","14":"first","15":"instock","16":"purchasable","17":"product-type-simple"},"acf":[],"yoast_head":"<!-- This site is optimized with the Yoast SEO plugin v26.4 - https:\/\/yoast.com\/wordpress\/plugins\/seo\/ -->\n<title>Pym&#039;s burger de boeuf 16 x 200g OVI - OVI<\/title>\n<meta name=\"description\" content=\"Un hamburger produit avec 100% de viande de b\u0153uf, qui a \u00e9t\u00e9 congel\u00e9 \u00e0 l&#039;\u00e9tat cru. D\u00e9licieux avec des frites ou dans un petit pain.\" \/>\n<meta name=\"robots\" content=\"index, follow, max-snippet:-1, max-image-preview:large, max-video-preview:-1\" \/>\n<link rel=\"canonical\" href=\"https:\/\/www.ovi.eu\/fr\/produits\/pyms-burger-boeuf-ovi-20299\/\" \/>\n<meta property=\"og:locale\" content=\"fr_FR\" \/>\n<meta property=\"og:type\" content=\"article\" \/>\n<meta property=\"og:title\" content=\"Pym&#039;s burger de boeuf 16 x 200g OVI - OVI\" \/>\n<meta property=\"og:description\" content=\"Un hamburger produit avec 100% de viande de b\u0153uf, qui a \u00e9t\u00e9 congel\u00e9 \u00e0 l&#039;\u00e9tat cru. D\u00e9licieux avec des frites ou dans un petit pain.\" \/>\n<meta property=\"og:url\" content=\"https:\/\/www.ovi.eu\/fr\/produits\/pyms-burger-boeuf-ovi-20299\/\" \/>\n<meta property=\"og:site_name\" content=\"OVI\" \/>\n<meta property=\"article:publisher\" content=\"https:\/\/www.facebook.com\/OlenseVleeswarenIndustrie\" \/>\n<meta property=\"article:modified_time\" content=\"2024-11-07T13:17:36+00:00\" \/>\n<meta property=\"og:image\" content=\"https:\/\/www.ovi.eu\/wp-content\/uploads\/2025\/02\/20299-LR.jpeg\" \/>\n\t<meta property=\"og:image:width\" content=\"1500\" \/>\n\t<meta property=\"og:image:height\" content=\"1141\" \/>\n\t<meta property=\"og:image:type\" content=\"image\/jpeg\" \/>\n<meta name=\"twitter:card\" content=\"summary_large_image\" \/>\n<meta name=\"twitter:label1\" content=\"Dur\u00e9e de lecture est.\" \/>\n\t<meta name=\"twitter:data1\" content=\"1 minute\" \/>\n<script type=\"application\/ld+json\" class=\"yoast-schema-graph\">{\"@context\":\"https:\/\/schema.org\",\"@graph\":[{\"@type\":\"WebPage\",\"@id\":\"https:\/\/www.ovi.eu\/fr\/produits\/pyms-burger-boeuf-ovi-20299\/\",\"url\":\"https:\/\/www.ovi.eu\/fr\/produits\/pyms-burger-boeuf-ovi-20299\/\",\"name\":\"Pym's burger de boeuf 16 x 200g OVI - OVI\",\"isPartOf\":{\"@id\":\"https:\/\/www.ovi.be\/#website\"},\"primaryImageOfPage\":{\"@id\":\"https:\/\/www.ovi.eu\/fr\/produits\/pyms-burger-boeuf-ovi-20299\/#primaryimage\"},\"image\":{\"@id\":\"https:\/\/www.ovi.eu\/fr\/produits\/pyms-burger-boeuf-ovi-20299\/#primaryimage\"},\"thumbnailUrl\":\"https:\/\/www.ovi.be\/wp-content\/uploads\/2025\/02\/20299-LR.jpeg\",\"datePublished\":\"2022-11-10T15:40:44+00:00\",\"dateModified\":\"2024-11-07T13:17:36+00:00\",\"description\":\"Un hamburger produit avec 100% de viande de b\u0153uf, qui a \u00e9t\u00e9 congel\u00e9 \u00e0 l'\u00e9tat cru. D\u00e9licieux avec des frites ou dans un petit pain.\",\"breadcrumb\":{\"@id\":\"https:\/\/www.ovi.eu\/fr\/produits\/pyms-burger-boeuf-ovi-20299\/#breadcrumb\"},\"inLanguage\":\"fr-BE\",\"potentialAction\":[{\"@type\":\"ReadAction\",\"target\":[\"https:\/\/www.ovi.eu\/fr\/produits\/pyms-burger-boeuf-ovi-20299\/\"]}]},{\"@type\":\"ImageObject\",\"inLanguage\":\"fr-BE\",\"@id\":\"https:\/\/www.ovi.eu\/fr\/produits\/pyms-burger-boeuf-ovi-20299\/#primaryimage\",\"url\":\"https:\/\/www.ovi.be\/wp-content\/uploads\/2025\/02\/20299-LR.jpeg\",\"contentUrl\":\"https:\/\/www.ovi.be\/wp-content\/uploads\/2025\/02\/20299-LR.jpeg\",\"width\":1500,\"height\":1141},{\"@type\":\"BreadcrumbList\",\"@id\":\"https:\/\/www.ovi.eu\/fr\/produits\/pyms-burger-boeuf-ovi-20299\/#breadcrumb\",\"itemListElement\":[{\"@type\":\"ListItem\",\"position\":1,\"name\":\"Home\",\"item\":\"https:\/\/www.ovi.be\/fr\/\"},{\"@type\":\"ListItem\",\"position\":2,\"name\":\"Produits\",\"item\":\"https:\/\/www.ovi.be\/fr\/produits\/\"},{\"@type\":\"ListItem\",\"position\":3,\"name\":\"Pym&#8217;s burger de boeuf 16 x 200g OVI\"}]},{\"@type\":\"WebSite\",\"@id\":\"https:\/\/www.ovi.be\/#website\",\"url\":\"https:\/\/www.ovi.be\/\",\"name\":\"OVI\",\"description\":\"Your food partner\",\"publisher\":{\"@id\":\"https:\/\/www.ovi.be\/#organization\"},\"potentialAction\":[{\"@type\":\"SearchAction\",\"target\":{\"@type\":\"EntryPoint\",\"urlTemplate\":\"https:\/\/www.ovi.be\/?s={search_term_string}\"},\"query-input\":{\"@type\":\"PropertyValueSpecification\",\"valueRequired\":true,\"valueName\":\"search_term_string\"}}],\"inLanguage\":\"fr-BE\"},{\"@type\":\"Organization\",\"@id\":\"https:\/\/www.ovi.be\/#organization\",\"name\":\"OVI\",\"url\":\"https:\/\/www.ovi.be\/\",\"logo\":{\"@type\":\"ImageObject\",\"inLanguage\":\"fr-BE\",\"@id\":\"https:\/\/www.ovi.be\/#\/schema\/logo\/image\/\",\"url\":\"https:\/\/www.ovi.be\/wp-content\/uploads\/2022\/09\/mkn-ovrzct.svg\",\"contentUrl\":\"https:\/\/www.ovi.be\/wp-content\/uploads\/2022\/09\/mkn-ovrzct.svg\",\"width\":220,\"height\":187,\"caption\":\"OVI\"},\"image\":{\"@id\":\"https:\/\/www.ovi.be\/#\/schema\/logo\/image\/\"},\"sameAs\":[\"https:\/\/www.facebook.com\/OlenseVleeswarenIndustrie\",\"https:\/\/www.linkedin.com\/company\/olensevleeswarenindustrie\/\"]}]}<\/script>\n<!-- \/ Yoast SEO plugin. -->","yoast_head_json":{"title":"Pym's burger de boeuf 16 x 200g OVI - OVI","description":"Un hamburger produit avec 100% de viande de b\u0153uf, qui a \u00e9t\u00e9 congel\u00e9 \u00e0 l'\u00e9tat cru. D\u00e9licieux avec des frites ou dans un petit pain.","robots":{"index":"index","follow":"follow","max-snippet":"max-snippet:-1","max-image-preview":"max-image-preview:large","max-video-preview":"max-video-preview:-1"},"canonical":"https:\/\/www.ovi.eu\/fr\/produits\/pyms-burger-boeuf-ovi-20299\/","og_locale":"fr_FR","og_type":"article","og_title":"Pym's burger de boeuf 16 x 200g OVI - OVI","og_description":"Un hamburger produit avec 100% de viande de b\u0153uf, qui a \u00e9t\u00e9 congel\u00e9 \u00e0 l'\u00e9tat cru. D\u00e9licieux avec des frites ou dans un petit pain.","og_url":"https:\/\/www.ovi.eu\/fr\/produits\/pyms-burger-boeuf-ovi-20299\/","og_site_name":"OVI","article_publisher":"https:\/\/www.facebook.com\/OlenseVleeswarenIndustrie","article_modified_time":"2024-11-07T13:17:36+00:00","og_image":[{"width":1500,"height":1141,"url":"https:\/\/www.ovi.eu\/wp-content\/uploads\/2025\/02\/20299-LR.jpeg","type":"image\/jpeg"}],"twitter_card":"summary_large_image","twitter_misc":{"Dur\u00e9e de lecture est.":"1 minute"},"schema":{"@context":"https:\/\/schema.org","@graph":[{"@type":"WebPage","@id":"https:\/\/www.ovi.eu\/fr\/produits\/pyms-burger-boeuf-ovi-20299\/","url":"https:\/\/www.ovi.eu\/fr\/produits\/pyms-burger-boeuf-ovi-20299\/","name":"Pym's burger de boeuf 16 x 200g OVI - OVI","isPartOf":{"@id":"https:\/\/www.ovi.be\/#website"},"primaryImageOfPage":{"@id":"https:\/\/www.ovi.eu\/fr\/produits\/pyms-burger-boeuf-ovi-20299\/#primaryimage"},"image":{"@id":"https:\/\/www.ovi.eu\/fr\/produits\/pyms-burger-boeuf-ovi-20299\/#primaryimage"},"thumbnailUrl":"https:\/\/www.ovi.be\/wp-content\/uploads\/2025\/02\/20299-LR.jpeg","datePublished":"2022-11-10T15:40:44+00:00","dateModified":"2024-11-07T13:17:36+00:00","description":"Un hamburger produit avec 100% de viande de b\u0153uf, qui a \u00e9t\u00e9 congel\u00e9 \u00e0 l'\u00e9tat cru. D\u00e9licieux avec des frites ou dans un petit pain.","breadcrumb":{"@id":"https:\/\/www.ovi.eu\/fr\/produits\/pyms-burger-boeuf-ovi-20299\/#breadcrumb"},"inLanguage":"fr-BE","potentialAction":[{"@type":"ReadAction","target":["https:\/\/www.ovi.eu\/fr\/produits\/pyms-burger-boeuf-ovi-20299\/"]}]},{"@type":"ImageObject","inLanguage":"fr-BE","@id":"https:\/\/www.ovi.eu\/fr\/produits\/pyms-burger-boeuf-ovi-20299\/#primaryimage","url":"https:\/\/www.ovi.be\/wp-content\/uploads\/2025\/02\/20299-LR.jpeg","contentUrl":"https:\/\/www.ovi.be\/wp-content\/uploads\/2025\/02\/20299-LR.jpeg","width":1500,"height":1141},{"@type":"BreadcrumbList","@id":"https:\/\/www.ovi.eu\/fr\/produits\/pyms-burger-boeuf-ovi-20299\/#breadcrumb","itemListElement":[{"@type":"ListItem","position":1,"name":"Home","item":"https:\/\/www.ovi.be\/fr\/"},{"@type":"ListItem","position":2,"name":"Produits","item":"https:\/\/www.ovi.be\/fr\/produits\/"},{"@type":"ListItem","position":3,"name":"Pym&#8217;s burger de boeuf 16 x 200g OVI"}]},{"@type":"WebSite","@id":"https:\/\/www.ovi.be\/#website","url":"https:\/\/www.ovi.be\/","name":"OVI","description":"Your food partner","publisher":{"@id":"https:\/\/www.ovi.be\/#organization"},"potentialAction":[{"@type":"SearchAction","target":{"@type":"EntryPoint","urlTemplate":"https:\/\/www.ovi.be\/?s={search_term_string}"},"query-input":{"@type":"PropertyValueSpecification","valueRequired":true,"valueName":"search_term_string"}}],"inLanguage":"fr-BE"},{"@type":"Organization","@id":"https:\/\/www.ovi.be\/#organization","name":"OVI","url":"https:\/\/www.ovi.be\/","logo":{"@type":"ImageObject","inLanguage":"fr-BE","@id":"https:\/\/www.ovi.be\/#\/schema\/logo\/image\/","url":"https:\/\/www.ovi.be\/wp-content\/uploads\/2022\/09\/mkn-ovrzct.svg","contentUrl":"https:\/\/www.ovi.be\/wp-content\/uploads\/2022\/09\/mkn-ovrzct.svg","width":220,"height":187,"caption":"OVI"},"image":{"@id":"https:\/\/www.ovi.be\/#\/schema\/logo\/image\/"},"sameAs":["https:\/\/www.facebook.com\/OlenseVleeswarenIndustrie","https:\/\/www.linkedin.com\/company\/olensevleeswarenindustrie\/"]}]}},"_links":{"self":[{"href":"https:\/\/www.ovi.be\/fr\/wp-json\/wp\/v2\/product\/10501","targetHints":{"allow":["GET"]}}],"collection":[{"href":"https:\/\/www.ovi.be\/fr\/wp-json\/wp\/v2\/product"}],"about":[{"href":"https:\/\/www.ovi.be\/fr\/wp-json\/wp\/v2\/types\/product"}],"replies":[{"embeddable":true,"href":"https:\/\/www.ovi.be\/fr\/wp-json\/wp\/v2\/comments?post=10501"}],"wp:featuredmedia":[{"embeddable":true,"href":"https:\/\/www.ovi.be\/fr\/wp-json\/wp\/v2\/media\/11156"}],"wp:attachment":[{"href":"https:\/\/www.ovi.be\/fr\/wp-json\/wp\/v2\/media?parent=10501"}],"wp:term":[{"taxonomy":"product_brand","embeddable":true,"href":"https:\/\/www.ovi.be\/fr\/wp-json\/wp\/v2\/product_brand?post=10501"},{"taxonomy":"product_cat","embeddable":true,"href":"https:\/\/www.ovi.be\/fr\/wp-json\/wp\/v2\/product_cat?post=10501"},{"taxonomy":"product_tag","embeddable":true,"href":"https:\/\/www.ovi.be\/fr\/wp-json\/wp\/v2\/product_tag?post=10501"}],"curies":[{"name":"wp","href":"https:\/\/api.w.org\/{rel}","templated":true}]}}