{"id":10397,"date":"2022-11-10T17:41:19","date_gmt":"2022-11-10T15:41:19","guid":{"rendered":"https:\/\/www.ovi.be\/product\/chimay-kaaskroket-ottimo-23076\/"},"modified":"2024-11-06T17:10:33","modified_gmt":"2024-11-06T15:10:33","slug":"croquettes-fromage-chimay-ottimo-23076","status":"publish","type":"product","link":"https:\/\/www.ovi.be\/fr\/produits\/croquettes-fromage-chimay-ottimo-23076\/","title":{"rendered":"Croquettes au fromage Chimay 24 x 65g OTTIMO"},"content":{"rendered":"","protected":false},"excerpt":{"rendered":"","protected":false},"featured_media":6624,"comment_status":"closed","ping_status":"closed","template":"","meta":{"_acf_changed":false},"product_brand":[],"product_cat":[773,774,854,734,866],"product_tag":[891],"class_list":{"0":"post-10397","1":"product","2":"type-product","3":"status-publish","4":"has-post-thumbnail","6":"product_cat-congelateur","7":"product_cat-fingerfood-fr","8":"product_cat-friteuse","9":"product_cat-ottimo-fr","10":"product_cat-snacks-fr","11":"product_tag-kaaskr-fr","13":"first","14":"instock","15":"purchasable","16":"product-type-simple"},"acf":[],"yoast_head":"<!-- This site is optimized with the Yoast SEO plugin v26.4 - https:\/\/yoast.com\/wordpress\/plugins\/seo\/ -->\n<title>Croquettes au fromage Chimay 24 x 65g OTTIMO - OVI<\/title>\n<meta name=\"description\" content=\"Cette croquette \u00e0 base de fromage typique de Chimay a une texture d\u00e9licieusement cr\u00e9meuse et une cro\u00fbte croustillante.\" \/>\n<meta name=\"robots\" content=\"index, follow, max-snippet:-1, max-image-preview:large, max-video-preview:-1\" \/>\n<link rel=\"canonical\" href=\"https:\/\/www.ovi.eu\/produits\/chimay-kaaskroket-ottimo-23076\/\" \/>\n<meta property=\"og:locale\" content=\"fr_FR\" \/>\n<meta property=\"og:type\" content=\"article\" \/>\n<meta property=\"og:title\" content=\"Croquettes au fromage Chimay 24 x 65g OTTIMO - OVI\" \/>\n<meta property=\"og:description\" content=\"Cette croquette \u00e0 base de fromage typique de Chimay a une texture d\u00e9licieusement cr\u00e9meuse et une cro\u00fbte croustillante.\" \/>\n<meta property=\"og:url\" content=\"https:\/\/www.ovi.eu\/produits\/chimay-kaaskroket-ottimo-23076\/\" \/>\n<meta property=\"og:site_name\" content=\"OVI\" \/>\n<meta property=\"article:publisher\" content=\"https:\/\/www.facebook.com\/OlenseVleeswarenIndustrie\" \/>\n<meta property=\"article:modified_time\" content=\"2024-11-06T15:10:33+00:00\" \/>\n<meta property=\"og:image\" content=\"https:\/\/www.ovi.eu\/wp-content\/uploads\/2022\/11\/23076-scaled.jpg\" \/>\n\t<meta property=\"og:image:width\" content=\"1707\" \/>\n\t<meta property=\"og:image:height\" content=\"2560\" \/>\n\t<meta property=\"og:image:type\" content=\"image\/jpeg\" \/>\n<meta name=\"twitter:card\" content=\"summary_large_image\" \/>\n<meta name=\"twitter:label1\" content=\"Dur\u00e9e de lecture est.\" \/>\n\t<meta name=\"twitter:data1\" content=\"1 minute\" \/>\n<script type=\"application\/ld+json\" class=\"yoast-schema-graph\">{\"@context\":\"https:\/\/schema.org\",\"@graph\":[{\"@type\":\"WebPage\",\"@id\":\"https:\/\/www.ovi.eu\/produits\/chimay-kaaskroket-ottimo-23076\/\",\"url\":\"https:\/\/www.ovi.eu\/produits\/chimay-kaaskroket-ottimo-23076\/\",\"name\":\"Croquettes au fromage Chimay 24 x 65g OTTIMO - OVI\",\"isPartOf\":{\"@id\":\"https:\/\/www.ovi.be\/#website\"},\"primaryImageOfPage\":{\"@id\":\"https:\/\/www.ovi.eu\/produits\/chimay-kaaskroket-ottimo-23076\/#primaryimage\"},\"image\":{\"@id\":\"https:\/\/www.ovi.eu\/produits\/chimay-kaaskroket-ottimo-23076\/#primaryimage\"},\"thumbnailUrl\":\"https:\/\/www.ovi.be\/wp-content\/uploads\/2022\/11\/23076-scaled.jpg\",\"datePublished\":\"2022-11-10T15:41:19+00:00\",\"dateModified\":\"2024-11-06T15:10:33+00:00\",\"description\":\"Cette croquette \u00e0 base de fromage typique de Chimay a une texture d\u00e9licieusement cr\u00e9meuse et une cro\u00fbte croustillante.\",\"breadcrumb\":{\"@id\":\"https:\/\/www.ovi.eu\/produits\/chimay-kaaskroket-ottimo-23076\/#breadcrumb\"},\"inLanguage\":\"fr-BE\",\"potentialAction\":[{\"@type\":\"ReadAction\",\"target\":[\"https:\/\/www.ovi.eu\/produits\/chimay-kaaskroket-ottimo-23076\/\"]}]},{\"@type\":\"ImageObject\",\"inLanguage\":\"fr-BE\",\"@id\":\"https:\/\/www.ovi.eu\/produits\/chimay-kaaskroket-ottimo-23076\/#primaryimage\",\"url\":\"https:\/\/www.ovi.be\/wp-content\/uploads\/2022\/11\/23076-scaled.jpg\",\"contentUrl\":\"https:\/\/www.ovi.be\/wp-content\/uploads\/2022\/11\/23076-scaled.jpg\",\"width\":1707,\"height\":2560},{\"@type\":\"BreadcrumbList\",\"@id\":\"https:\/\/www.ovi.eu\/produits\/chimay-kaaskroket-ottimo-23076\/#breadcrumb\",\"itemListElement\":[{\"@type\":\"ListItem\",\"position\":1,\"name\":\"Home\",\"item\":\"https:\/\/www.ovi.be\/fr\/\"},{\"@type\":\"ListItem\",\"position\":2,\"name\":\"Produits\",\"item\":\"https:\/\/www.ovi.be\/fr\/produits\/\"},{\"@type\":\"ListItem\",\"position\":3,\"name\":\"Croquettes au fromage Chimay 24 x 65g OTTIMO\"}]},{\"@type\":\"WebSite\",\"@id\":\"https:\/\/www.ovi.be\/#website\",\"url\":\"https:\/\/www.ovi.be\/\",\"name\":\"OVI\",\"description\":\"Your food partner\",\"publisher\":{\"@id\":\"https:\/\/www.ovi.be\/#organization\"},\"potentialAction\":[{\"@type\":\"SearchAction\",\"target\":{\"@type\":\"EntryPoint\",\"urlTemplate\":\"https:\/\/www.ovi.be\/?s={search_term_string}\"},\"query-input\":{\"@type\":\"PropertyValueSpecification\",\"valueRequired\":true,\"valueName\":\"search_term_string\"}}],\"inLanguage\":\"fr-BE\"},{\"@type\":\"Organization\",\"@id\":\"https:\/\/www.ovi.be\/#organization\",\"name\":\"OVI\",\"url\":\"https:\/\/www.ovi.be\/\",\"logo\":{\"@type\":\"ImageObject\",\"inLanguage\":\"fr-BE\",\"@id\":\"https:\/\/www.ovi.be\/#\/schema\/logo\/image\/\",\"url\":\"https:\/\/www.ovi.be\/wp-content\/uploads\/2022\/09\/mkn-ovrzct.svg\",\"contentUrl\":\"https:\/\/www.ovi.be\/wp-content\/uploads\/2022\/09\/mkn-ovrzct.svg\",\"width\":220,\"height\":187,\"caption\":\"OVI\"},\"image\":{\"@id\":\"https:\/\/www.ovi.be\/#\/schema\/logo\/image\/\"},\"sameAs\":[\"https:\/\/www.facebook.com\/OlenseVleeswarenIndustrie\",\"https:\/\/www.linkedin.com\/company\/olensevleeswarenindustrie\/\"]}]}<\/script>\n<!-- \/ Yoast SEO plugin. -->","yoast_head_json":{"title":"Croquettes au fromage Chimay 24 x 65g OTTIMO - OVI","description":"Cette croquette \u00e0 base de fromage typique de Chimay a une texture d\u00e9licieusement cr\u00e9meuse et une cro\u00fbte croustillante.","robots":{"index":"index","follow":"follow","max-snippet":"max-snippet:-1","max-image-preview":"max-image-preview:large","max-video-preview":"max-video-preview:-1"},"canonical":"https:\/\/www.ovi.eu\/produits\/chimay-kaaskroket-ottimo-23076\/","og_locale":"fr_FR","og_type":"article","og_title":"Croquettes au fromage Chimay 24 x 65g OTTIMO - OVI","og_description":"Cette croquette \u00e0 base de fromage typique de Chimay a une texture d\u00e9licieusement cr\u00e9meuse et une cro\u00fbte croustillante.","og_url":"https:\/\/www.ovi.eu\/produits\/chimay-kaaskroket-ottimo-23076\/","og_site_name":"OVI","article_publisher":"https:\/\/www.facebook.com\/OlenseVleeswarenIndustrie","article_modified_time":"2024-11-06T15:10:33+00:00","og_image":[{"width":1707,"height":2560,"url":"https:\/\/www.ovi.eu\/wp-content\/uploads\/2022\/11\/23076-scaled.jpg","type":"image\/jpeg"}],"twitter_card":"summary_large_image","twitter_misc":{"Dur\u00e9e de lecture est.":"1 minute"},"schema":{"@context":"https:\/\/schema.org","@graph":[{"@type":"WebPage","@id":"https:\/\/www.ovi.eu\/produits\/chimay-kaaskroket-ottimo-23076\/","url":"https:\/\/www.ovi.eu\/produits\/chimay-kaaskroket-ottimo-23076\/","name":"Croquettes au fromage Chimay 24 x 65g OTTIMO - OVI","isPartOf":{"@id":"https:\/\/www.ovi.be\/#website"},"primaryImageOfPage":{"@id":"https:\/\/www.ovi.eu\/produits\/chimay-kaaskroket-ottimo-23076\/#primaryimage"},"image":{"@id":"https:\/\/www.ovi.eu\/produits\/chimay-kaaskroket-ottimo-23076\/#primaryimage"},"thumbnailUrl":"https:\/\/www.ovi.be\/wp-content\/uploads\/2022\/11\/23076-scaled.jpg","datePublished":"2022-11-10T15:41:19+00:00","dateModified":"2024-11-06T15:10:33+00:00","description":"Cette croquette \u00e0 base de fromage typique de Chimay a une texture d\u00e9licieusement cr\u00e9meuse et une cro\u00fbte croustillante.","breadcrumb":{"@id":"https:\/\/www.ovi.eu\/produits\/chimay-kaaskroket-ottimo-23076\/#breadcrumb"},"inLanguage":"fr-BE","potentialAction":[{"@type":"ReadAction","target":["https:\/\/www.ovi.eu\/produits\/chimay-kaaskroket-ottimo-23076\/"]}]},{"@type":"ImageObject","inLanguage":"fr-BE","@id":"https:\/\/www.ovi.eu\/produits\/chimay-kaaskroket-ottimo-23076\/#primaryimage","url":"https:\/\/www.ovi.be\/wp-content\/uploads\/2022\/11\/23076-scaled.jpg","contentUrl":"https:\/\/www.ovi.be\/wp-content\/uploads\/2022\/11\/23076-scaled.jpg","width":1707,"height":2560},{"@type":"BreadcrumbList","@id":"https:\/\/www.ovi.eu\/produits\/chimay-kaaskroket-ottimo-23076\/#breadcrumb","itemListElement":[{"@type":"ListItem","position":1,"name":"Home","item":"https:\/\/www.ovi.be\/fr\/"},{"@type":"ListItem","position":2,"name":"Produits","item":"https:\/\/www.ovi.be\/fr\/produits\/"},{"@type":"ListItem","position":3,"name":"Croquettes au fromage Chimay 24 x 65g OTTIMO"}]},{"@type":"WebSite","@id":"https:\/\/www.ovi.be\/#website","url":"https:\/\/www.ovi.be\/","name":"OVI","description":"Your food partner","publisher":{"@id":"https:\/\/www.ovi.be\/#organization"},"potentialAction":[{"@type":"SearchAction","target":{"@type":"EntryPoint","urlTemplate":"https:\/\/www.ovi.be\/?s={search_term_string}"},"query-input":{"@type":"PropertyValueSpecification","valueRequired":true,"valueName":"search_term_string"}}],"inLanguage":"fr-BE"},{"@type":"Organization","@id":"https:\/\/www.ovi.be\/#organization","name":"OVI","url":"https:\/\/www.ovi.be\/","logo":{"@type":"ImageObject","inLanguage":"fr-BE","@id":"https:\/\/www.ovi.be\/#\/schema\/logo\/image\/","url":"https:\/\/www.ovi.be\/wp-content\/uploads\/2022\/09\/mkn-ovrzct.svg","contentUrl":"https:\/\/www.ovi.be\/wp-content\/uploads\/2022\/09\/mkn-ovrzct.svg","width":220,"height":187,"caption":"OVI"},"image":{"@id":"https:\/\/www.ovi.be\/#\/schema\/logo\/image\/"},"sameAs":["https:\/\/www.facebook.com\/OlenseVleeswarenIndustrie","https:\/\/www.linkedin.com\/company\/olensevleeswarenindustrie\/"]}]}},"_links":{"self":[{"href":"https:\/\/www.ovi.be\/fr\/wp-json\/wp\/v2\/product\/10397","targetHints":{"allow":["GET"]}}],"collection":[{"href":"https:\/\/www.ovi.be\/fr\/wp-json\/wp\/v2\/product"}],"about":[{"href":"https:\/\/www.ovi.be\/fr\/wp-json\/wp\/v2\/types\/product"}],"replies":[{"embeddable":true,"href":"https:\/\/www.ovi.be\/fr\/wp-json\/wp\/v2\/comments?post=10397"}],"wp:featuredmedia":[{"embeddable":true,"href":"https:\/\/www.ovi.be\/fr\/wp-json\/wp\/v2\/media\/6624"}],"wp:attachment":[{"href":"https:\/\/www.ovi.be\/fr\/wp-json\/wp\/v2\/media?parent=10397"}],"wp:term":[{"taxonomy":"product_brand","embeddable":true,"href":"https:\/\/www.ovi.be\/fr\/wp-json\/wp\/v2\/product_brand?post=10397"},{"taxonomy":"product_cat","embeddable":true,"href":"https:\/\/www.ovi.be\/fr\/wp-json\/wp\/v2\/product_cat?post=10397"},{"taxonomy":"product_tag","embeddable":true,"href":"https:\/\/www.ovi.be\/fr\/wp-json\/wp\/v2\/product_tag?post=10397"}],"curies":[{"name":"wp","href":"https:\/\/api.w.org\/{rel}","templated":true}]}}