{"id":10202,"date":"2023-11-21T16:40:02","date_gmt":"2023-11-21T14:40:02","guid":{"rendered":"https:\/\/www.ovi.be\/product\/italiaanse-schotel-ovi-41182\/"},"modified":"2024-11-05T15:10:17","modified_gmt":"2024-11-05T13:10:17","slug":"plat-italienne-ovi-41182","status":"publish","type":"product","link":"https:\/\/www.ovi.be\/fr\/produits\/plat-italienne-ovi-41182\/","title":{"rendered":"Plat \u00e0 l&rsquo;Italienne 400g OVI"},"content":{"rendered":"","protected":false},"excerpt":{"rendered":"","protected":false},"featured_media":9477,"comment_status":"closed","ping_status":"closed","template":"","meta":{"_acf_changed":false},"product_brand":[],"product_cat":[873,856,733,858,861],"product_tag":[],"class_list":{"0":"post-10202","1":"product","2":"type-product","3":"status-publish","4":"has-post-thumbnail","6":"product_cat-bereide-gerechten-fr","7":"product_cat-micro-ondes","8":"product_cat-ovi-fr","9":"product_cat-poele","10":"product_cat-temperature-ambiente","12":"first","13":"instock","14":"product-type-simple"},"acf":[],"yoast_head":"<!-- This site is optimized with the Yoast SEO plugin v26.4 - https:\/\/yoast.com\/wordpress\/plugins\/seo\/ -->\n<title>Plat \u00e0 l&#039;Italienne 400g OVI - OVI<\/title>\n<meta name=\"description\" content=\"Un plat pr\u00eat \u00e0 consommer compos\u00e9 de p\u00e2tes d\u00e9licieuses et de boulettes de viande savoureuses dans une sauce tomate riche. Dans une bo\u00eete de conserve \u00e0 ouverture facile.\" \/>\n<meta name=\"robots\" content=\"index, follow, max-snippet:-1, max-image-preview:large, max-video-preview:-1\" \/>\n<link rel=\"canonical\" href=\"https:\/\/www.ovi.eu\/produits\/italiaanse-schotel-ovi-41182\/\" \/>\n<meta property=\"og:locale\" content=\"fr_FR\" \/>\n<meta property=\"og:type\" content=\"article\" \/>\n<meta property=\"og:title\" content=\"Plat \u00e0 l&#039;Italienne 400g OVI - OVI\" \/>\n<meta property=\"og:description\" content=\"Un plat pr\u00eat \u00e0 consommer compos\u00e9 de p\u00e2tes d\u00e9licieuses et de boulettes de viande savoureuses dans une sauce tomate riche. Dans une bo\u00eete de conserve \u00e0 ouverture facile.\" \/>\n<meta property=\"og:url\" content=\"https:\/\/www.ovi.eu\/produits\/italiaanse-schotel-ovi-41182\/\" \/>\n<meta property=\"og:site_name\" content=\"OVI\" \/>\n<meta property=\"article:publisher\" content=\"https:\/\/www.facebook.com\/OlenseVleeswarenIndustrie\" \/>\n<meta property=\"article:modified_time\" content=\"2024-11-05T13:10:17+00:00\" \/>\n<meta property=\"og:image\" content=\"https:\/\/www.ovi.eu\/wp-content\/uploads\/2023\/11\/Italiaanse-schotel-blik-OVI-scaled.jpg\" \/>\n\t<meta property=\"og:image:width\" content=\"1978\" \/>\n\t<meta property=\"og:image:height\" content=\"2560\" \/>\n\t<meta property=\"og:image:type\" content=\"image\/jpeg\" \/>\n<meta name=\"twitter:card\" content=\"summary_large_image\" \/>\n<meta name=\"twitter:label1\" content=\"Dur\u00e9e de lecture est.\" \/>\n\t<meta name=\"twitter:data1\" content=\"1 minute\" \/>\n<script type=\"application\/ld+json\" class=\"yoast-schema-graph\">{\"@context\":\"https:\/\/schema.org\",\"@graph\":[{\"@type\":\"WebPage\",\"@id\":\"https:\/\/www.ovi.eu\/produits\/italiaanse-schotel-ovi-41182\/\",\"url\":\"https:\/\/www.ovi.eu\/produits\/italiaanse-schotel-ovi-41182\/\",\"name\":\"Plat \u00e0 l'Italienne 400g OVI - OVI\",\"isPartOf\":{\"@id\":\"https:\/\/www.ovi.be\/#website\"},\"primaryImageOfPage\":{\"@id\":\"https:\/\/www.ovi.eu\/produits\/italiaanse-schotel-ovi-41182\/#primaryimage\"},\"image\":{\"@id\":\"https:\/\/www.ovi.eu\/produits\/italiaanse-schotel-ovi-41182\/#primaryimage\"},\"thumbnailUrl\":\"https:\/\/www.ovi.be\/wp-content\/uploads\/2023\/11\/Italiaanse-schotel-blik-OVI-scaled.jpg\",\"datePublished\":\"2023-11-21T14:40:02+00:00\",\"dateModified\":\"2024-11-05T13:10:17+00:00\",\"description\":\"Un plat pr\u00eat \u00e0 consommer compos\u00e9 de p\u00e2tes d\u00e9licieuses et de boulettes de viande savoureuses dans une sauce tomate riche. Dans une bo\u00eete de conserve \u00e0 ouverture facile.\",\"breadcrumb\":{\"@id\":\"https:\/\/www.ovi.eu\/produits\/italiaanse-schotel-ovi-41182\/#breadcrumb\"},\"inLanguage\":\"fr-BE\",\"potentialAction\":[{\"@type\":\"ReadAction\",\"target\":[\"https:\/\/www.ovi.eu\/produits\/italiaanse-schotel-ovi-41182\/\"]}]},{\"@type\":\"ImageObject\",\"inLanguage\":\"fr-BE\",\"@id\":\"https:\/\/www.ovi.eu\/produits\/italiaanse-schotel-ovi-41182\/#primaryimage\",\"url\":\"https:\/\/www.ovi.be\/wp-content\/uploads\/2023\/11\/Italiaanse-schotel-blik-OVI-scaled.jpg\",\"contentUrl\":\"https:\/\/www.ovi.be\/wp-content\/uploads\/2023\/11\/Italiaanse-schotel-blik-OVI-scaled.jpg\",\"width\":1978,\"height\":2560},{\"@type\":\"BreadcrumbList\",\"@id\":\"https:\/\/www.ovi.eu\/produits\/italiaanse-schotel-ovi-41182\/#breadcrumb\",\"itemListElement\":[{\"@type\":\"ListItem\",\"position\":1,\"name\":\"Home\",\"item\":\"https:\/\/www.ovi.be\/fr\/\"},{\"@type\":\"ListItem\",\"position\":2,\"name\":\"Produits\",\"item\":\"https:\/\/www.ovi.be\/fr\/produits\/\"},{\"@type\":\"ListItem\",\"position\":3,\"name\":\"Plat \u00e0 l&#8217;Italienne 400g OVI\"}]},{\"@type\":\"WebSite\",\"@id\":\"https:\/\/www.ovi.be\/#website\",\"url\":\"https:\/\/www.ovi.be\/\",\"name\":\"OVI\",\"description\":\"Your food partner\",\"publisher\":{\"@id\":\"https:\/\/www.ovi.be\/#organization\"},\"potentialAction\":[{\"@type\":\"SearchAction\",\"target\":{\"@type\":\"EntryPoint\",\"urlTemplate\":\"https:\/\/www.ovi.be\/?s={search_term_string}\"},\"query-input\":{\"@type\":\"PropertyValueSpecification\",\"valueRequired\":true,\"valueName\":\"search_term_string\"}}],\"inLanguage\":\"fr-BE\"},{\"@type\":\"Organization\",\"@id\":\"https:\/\/www.ovi.be\/#organization\",\"name\":\"OVI\",\"url\":\"https:\/\/www.ovi.be\/\",\"logo\":{\"@type\":\"ImageObject\",\"inLanguage\":\"fr-BE\",\"@id\":\"https:\/\/www.ovi.be\/#\/schema\/logo\/image\/\",\"url\":\"https:\/\/www.ovi.be\/wp-content\/uploads\/2022\/09\/mkn-ovrzct.svg\",\"contentUrl\":\"https:\/\/www.ovi.be\/wp-content\/uploads\/2022\/09\/mkn-ovrzct.svg\",\"width\":220,\"height\":187,\"caption\":\"OVI\"},\"image\":{\"@id\":\"https:\/\/www.ovi.be\/#\/schema\/logo\/image\/\"},\"sameAs\":[\"https:\/\/www.facebook.com\/OlenseVleeswarenIndustrie\",\"https:\/\/www.linkedin.com\/company\/olensevleeswarenindustrie\/\"]}]}<\/script>\n<!-- \/ Yoast SEO plugin. -->","yoast_head_json":{"title":"Plat \u00e0 l'Italienne 400g OVI - OVI","description":"Un plat pr\u00eat \u00e0 consommer compos\u00e9 de p\u00e2tes d\u00e9licieuses et de boulettes de viande savoureuses dans une sauce tomate riche. Dans une bo\u00eete de conserve \u00e0 ouverture facile.","robots":{"index":"index","follow":"follow","max-snippet":"max-snippet:-1","max-image-preview":"max-image-preview:large","max-video-preview":"max-video-preview:-1"},"canonical":"https:\/\/www.ovi.eu\/produits\/italiaanse-schotel-ovi-41182\/","og_locale":"fr_FR","og_type":"article","og_title":"Plat \u00e0 l'Italienne 400g OVI - OVI","og_description":"Un plat pr\u00eat \u00e0 consommer compos\u00e9 de p\u00e2tes d\u00e9licieuses et de boulettes de viande savoureuses dans une sauce tomate riche. Dans une bo\u00eete de conserve \u00e0 ouverture facile.","og_url":"https:\/\/www.ovi.eu\/produits\/italiaanse-schotel-ovi-41182\/","og_site_name":"OVI","article_publisher":"https:\/\/www.facebook.com\/OlenseVleeswarenIndustrie","article_modified_time":"2024-11-05T13:10:17+00:00","og_image":[{"width":1978,"height":2560,"url":"https:\/\/www.ovi.eu\/wp-content\/uploads\/2023\/11\/Italiaanse-schotel-blik-OVI-scaled.jpg","type":"image\/jpeg"}],"twitter_card":"summary_large_image","twitter_misc":{"Dur\u00e9e de lecture est.":"1 minute"},"schema":{"@context":"https:\/\/schema.org","@graph":[{"@type":"WebPage","@id":"https:\/\/www.ovi.eu\/produits\/italiaanse-schotel-ovi-41182\/","url":"https:\/\/www.ovi.eu\/produits\/italiaanse-schotel-ovi-41182\/","name":"Plat \u00e0 l'Italienne 400g OVI - OVI","isPartOf":{"@id":"https:\/\/www.ovi.be\/#website"},"primaryImageOfPage":{"@id":"https:\/\/www.ovi.eu\/produits\/italiaanse-schotel-ovi-41182\/#primaryimage"},"image":{"@id":"https:\/\/www.ovi.eu\/produits\/italiaanse-schotel-ovi-41182\/#primaryimage"},"thumbnailUrl":"https:\/\/www.ovi.be\/wp-content\/uploads\/2023\/11\/Italiaanse-schotel-blik-OVI-scaled.jpg","datePublished":"2023-11-21T14:40:02+00:00","dateModified":"2024-11-05T13:10:17+00:00","description":"Un plat pr\u00eat \u00e0 consommer compos\u00e9 de p\u00e2tes d\u00e9licieuses et de boulettes de viande savoureuses dans une sauce tomate riche. Dans une bo\u00eete de conserve \u00e0 ouverture facile.","breadcrumb":{"@id":"https:\/\/www.ovi.eu\/produits\/italiaanse-schotel-ovi-41182\/#breadcrumb"},"inLanguage":"fr-BE","potentialAction":[{"@type":"ReadAction","target":["https:\/\/www.ovi.eu\/produits\/italiaanse-schotel-ovi-41182\/"]}]},{"@type":"ImageObject","inLanguage":"fr-BE","@id":"https:\/\/www.ovi.eu\/produits\/italiaanse-schotel-ovi-41182\/#primaryimage","url":"https:\/\/www.ovi.be\/wp-content\/uploads\/2023\/11\/Italiaanse-schotel-blik-OVI-scaled.jpg","contentUrl":"https:\/\/www.ovi.be\/wp-content\/uploads\/2023\/11\/Italiaanse-schotel-blik-OVI-scaled.jpg","width":1978,"height":2560},{"@type":"BreadcrumbList","@id":"https:\/\/www.ovi.eu\/produits\/italiaanse-schotel-ovi-41182\/#breadcrumb","itemListElement":[{"@type":"ListItem","position":1,"name":"Home","item":"https:\/\/www.ovi.be\/fr\/"},{"@type":"ListItem","position":2,"name":"Produits","item":"https:\/\/www.ovi.be\/fr\/produits\/"},{"@type":"ListItem","position":3,"name":"Plat \u00e0 l&#8217;Italienne 400g OVI"}]},{"@type":"WebSite","@id":"https:\/\/www.ovi.be\/#website","url":"https:\/\/www.ovi.be\/","name":"OVI","description":"Your food partner","publisher":{"@id":"https:\/\/www.ovi.be\/#organization"},"potentialAction":[{"@type":"SearchAction","target":{"@type":"EntryPoint","urlTemplate":"https:\/\/www.ovi.be\/?s={search_term_string}"},"query-input":{"@type":"PropertyValueSpecification","valueRequired":true,"valueName":"search_term_string"}}],"inLanguage":"fr-BE"},{"@type":"Organization","@id":"https:\/\/www.ovi.be\/#organization","name":"OVI","url":"https:\/\/www.ovi.be\/","logo":{"@type":"ImageObject","inLanguage":"fr-BE","@id":"https:\/\/www.ovi.be\/#\/schema\/logo\/image\/","url":"https:\/\/www.ovi.be\/wp-content\/uploads\/2022\/09\/mkn-ovrzct.svg","contentUrl":"https:\/\/www.ovi.be\/wp-content\/uploads\/2022\/09\/mkn-ovrzct.svg","width":220,"height":187,"caption":"OVI"},"image":{"@id":"https:\/\/www.ovi.be\/#\/schema\/logo\/image\/"},"sameAs":["https:\/\/www.facebook.com\/OlenseVleeswarenIndustrie","https:\/\/www.linkedin.com\/company\/olensevleeswarenindustrie\/"]}]}},"_links":{"self":[{"href":"https:\/\/www.ovi.be\/fr\/wp-json\/wp\/v2\/product\/10202","targetHints":{"allow":["GET"]}}],"collection":[{"href":"https:\/\/www.ovi.be\/fr\/wp-json\/wp\/v2\/product"}],"about":[{"href":"https:\/\/www.ovi.be\/fr\/wp-json\/wp\/v2\/types\/product"}],"replies":[{"embeddable":true,"href":"https:\/\/www.ovi.be\/fr\/wp-json\/wp\/v2\/comments?post=10202"}],"wp:featuredmedia":[{"embeddable":true,"href":"https:\/\/www.ovi.be\/fr\/wp-json\/wp\/v2\/media\/9477"}],"wp:attachment":[{"href":"https:\/\/www.ovi.be\/fr\/wp-json\/wp\/v2\/media?parent=10202"}],"wp:term":[{"taxonomy":"product_brand","embeddable":true,"href":"https:\/\/www.ovi.be\/fr\/wp-json\/wp\/v2\/product_brand?post=10202"},{"taxonomy":"product_cat","embeddable":true,"href":"https:\/\/www.ovi.be\/fr\/wp-json\/wp\/v2\/product_cat?post=10202"},{"taxonomy":"product_tag","embeddable":true,"href":"https:\/\/www.ovi.be\/fr\/wp-json\/wp\/v2\/product_tag?post=10202"}],"curies":[{"name":"wp","href":"https:\/\/api.w.org\/{rel}","templated":true}]}}