{"id":10190,"date":"2022-11-10T17:43:12","date_gmt":"2022-11-10T15:43:12","guid":{"rendered":"https:\/\/www.ovi.be\/product\/dots-on-stick-ovi-30829\/"},"modified":"2025-02-12T09:53:19","modified_gmt":"2025-02-12T07:53:19","slug":"dots-on-stick-xxl-ovi-30829","status":"publish","type":"product","link":"https:\/\/www.ovi.be\/fr\/produits\/dots-on-stick-xxl-ovi-30829\/","title":{"rendered":"Dots on stick XXL 15 x +\/- 260g OVI"},"content":{"rendered":"","protected":false},"excerpt":{"rendered":"","protected":false},"featured_media":11219,"comment_status":"closed","ping_status":"closed","template":"","meta":{"_acf_changed":false},"product_brand":[],"product_cat":[853,773,775,854,733,866],"product_tag":[881],"class_list":{"0":"post-10190","1":"product","2":"type-product","3":"status-publish","4":"has-post-thumbnail","6":"product_cat-bbq-fr","7":"product_cat-congelateur","8":"product_cat-four-fr","9":"product_cat-friteuse","10":"product_cat-ovi-fr","11":"product_cat-snacks-fr","12":"product_tag-gevogelte-fr","14":"first","15":"instock","16":"product-type-simple"},"acf":[],"yoast_head":"<!-- This site is optimized with the Yoast SEO plugin v26.4 - https:\/\/yoast.com\/wordpress\/plugins\/seo\/ -->\n<title>Dots on stick XXL 15 x +\/- 260g OVI - OVI<\/title>\n<meta name=\"description\" content=\"Brochette de 5 ailes de poulet dor\u00e9es. Parfaites pour un barbecue d&#039;\u00e9t\u00e9 ou comme snack dans la friterie.\" \/>\n<meta name=\"robots\" content=\"index, follow, max-snippet:-1, max-image-preview:large, max-video-preview:-1\" \/>\n<link rel=\"canonical\" href=\"https:\/\/www.ovi.eu\/produits\/dots-on-stick-xxl-ovi-30829\/\" \/>\n<meta property=\"og:locale\" content=\"fr_FR\" \/>\n<meta property=\"og:type\" content=\"article\" \/>\n<meta property=\"og:title\" content=\"Dots on stick XXL 15 x +\/- 260g OVI - OVI\" \/>\n<meta property=\"og:description\" content=\"Brochette de 5 ailes de poulet dor\u00e9es. Parfaites pour un barbecue d&#039;\u00e9t\u00e9 ou comme snack dans la friterie.\" \/>\n<meta property=\"og:url\" content=\"https:\/\/www.ovi.eu\/produits\/dots-on-stick-xxl-ovi-30829\/\" \/>\n<meta property=\"og:site_name\" content=\"OVI\" \/>\n<meta property=\"article:publisher\" content=\"https:\/\/www.facebook.com\/OlenseVleeswarenIndustrie\" \/>\n<meta property=\"article:modified_time\" content=\"2025-02-12T07:53:19+00:00\" \/>\n<meta property=\"og:image\" content=\"https:\/\/www.ovi.eu\/wp-content\/uploads\/2025\/02\/30829-LR.jpeg\" \/>\n\t<meta property=\"og:image:width\" content=\"1500\" \/>\n\t<meta property=\"og:image:height\" content=\"1145\" \/>\n\t<meta property=\"og:image:type\" content=\"image\/jpeg\" \/>\n<meta name=\"twitter:card\" content=\"summary_large_image\" \/>\n<meta name=\"twitter:label1\" content=\"Dur\u00e9e de lecture est.\" \/>\n\t<meta name=\"twitter:data1\" content=\"1 minute\" \/>\n<script type=\"application\/ld+json\" class=\"yoast-schema-graph\">{\"@context\":\"https:\/\/schema.org\",\"@graph\":[{\"@type\":\"WebPage\",\"@id\":\"https:\/\/www.ovi.eu\/produits\/dots-on-stick-xxl-ovi-30829\/\",\"url\":\"https:\/\/www.ovi.eu\/produits\/dots-on-stick-xxl-ovi-30829\/\",\"name\":\"Dots on stick XXL 15 x +\/- 260g OVI - OVI\",\"isPartOf\":{\"@id\":\"https:\/\/www.ovi.be\/#website\"},\"primaryImageOfPage\":{\"@id\":\"https:\/\/www.ovi.eu\/produits\/dots-on-stick-xxl-ovi-30829\/#primaryimage\"},\"image\":{\"@id\":\"https:\/\/www.ovi.eu\/produits\/dots-on-stick-xxl-ovi-30829\/#primaryimage\"},\"thumbnailUrl\":\"https:\/\/www.ovi.be\/wp-content\/uploads\/2025\/02\/30829-LR.jpeg\",\"datePublished\":\"2022-11-10T15:43:12+00:00\",\"dateModified\":\"2025-02-12T07:53:19+00:00\",\"description\":\"Brochette de 5 ailes de poulet dor\u00e9es. Parfaites pour un barbecue d'\u00e9t\u00e9 ou comme snack dans la friterie.\",\"breadcrumb\":{\"@id\":\"https:\/\/www.ovi.eu\/produits\/dots-on-stick-xxl-ovi-30829\/#breadcrumb\"},\"inLanguage\":\"fr-BE\",\"potentialAction\":[{\"@type\":\"ReadAction\",\"target\":[\"https:\/\/www.ovi.eu\/produits\/dots-on-stick-xxl-ovi-30829\/\"]}]},{\"@type\":\"ImageObject\",\"inLanguage\":\"fr-BE\",\"@id\":\"https:\/\/www.ovi.eu\/produits\/dots-on-stick-xxl-ovi-30829\/#primaryimage\",\"url\":\"https:\/\/www.ovi.be\/wp-content\/uploads\/2025\/02\/30829-LR.jpeg\",\"contentUrl\":\"https:\/\/www.ovi.be\/wp-content\/uploads\/2025\/02\/30829-LR.jpeg\",\"width\":1500,\"height\":1145},{\"@type\":\"BreadcrumbList\",\"@id\":\"https:\/\/www.ovi.eu\/produits\/dots-on-stick-xxl-ovi-30829\/#breadcrumb\",\"itemListElement\":[{\"@type\":\"ListItem\",\"position\":1,\"name\":\"Home\",\"item\":\"https:\/\/www.ovi.be\/fr\/\"},{\"@type\":\"ListItem\",\"position\":2,\"name\":\"Produits\",\"item\":\"https:\/\/www.ovi.be\/fr\/produits\/\"},{\"@type\":\"ListItem\",\"position\":3,\"name\":\"Dots on stick XXL 15 x +\/- 260g OVI\"}]},{\"@type\":\"WebSite\",\"@id\":\"https:\/\/www.ovi.be\/#website\",\"url\":\"https:\/\/www.ovi.be\/\",\"name\":\"OVI\",\"description\":\"Your food partner\",\"publisher\":{\"@id\":\"https:\/\/www.ovi.be\/#organization\"},\"potentialAction\":[{\"@type\":\"SearchAction\",\"target\":{\"@type\":\"EntryPoint\",\"urlTemplate\":\"https:\/\/www.ovi.be\/?s={search_term_string}\"},\"query-input\":{\"@type\":\"PropertyValueSpecification\",\"valueRequired\":true,\"valueName\":\"search_term_string\"}}],\"inLanguage\":\"fr-BE\"},{\"@type\":\"Organization\",\"@id\":\"https:\/\/www.ovi.be\/#organization\",\"name\":\"OVI\",\"url\":\"https:\/\/www.ovi.be\/\",\"logo\":{\"@type\":\"ImageObject\",\"inLanguage\":\"fr-BE\",\"@id\":\"https:\/\/www.ovi.be\/#\/schema\/logo\/image\/\",\"url\":\"https:\/\/www.ovi.be\/wp-content\/uploads\/2022\/09\/mkn-ovrzct.svg\",\"contentUrl\":\"https:\/\/www.ovi.be\/wp-content\/uploads\/2022\/09\/mkn-ovrzct.svg\",\"width\":220,\"height\":187,\"caption\":\"OVI\"},\"image\":{\"@id\":\"https:\/\/www.ovi.be\/#\/schema\/logo\/image\/\"},\"sameAs\":[\"https:\/\/www.facebook.com\/OlenseVleeswarenIndustrie\",\"https:\/\/www.linkedin.com\/company\/olensevleeswarenindustrie\/\"]}]}<\/script>\n<!-- \/ Yoast SEO plugin. -->","yoast_head_json":{"title":"Dots on stick XXL 15 x +\/- 260g OVI - OVI","description":"Brochette de 5 ailes de poulet dor\u00e9es. Parfaites pour un barbecue d'\u00e9t\u00e9 ou comme snack dans la friterie.","robots":{"index":"index","follow":"follow","max-snippet":"max-snippet:-1","max-image-preview":"max-image-preview:large","max-video-preview":"max-video-preview:-1"},"canonical":"https:\/\/www.ovi.eu\/produits\/dots-on-stick-xxl-ovi-30829\/","og_locale":"fr_FR","og_type":"article","og_title":"Dots on stick XXL 15 x +\/- 260g OVI - OVI","og_description":"Brochette de 5 ailes de poulet dor\u00e9es. Parfaites pour un barbecue d'\u00e9t\u00e9 ou comme snack dans la friterie.","og_url":"https:\/\/www.ovi.eu\/produits\/dots-on-stick-xxl-ovi-30829\/","og_site_name":"OVI","article_publisher":"https:\/\/www.facebook.com\/OlenseVleeswarenIndustrie","article_modified_time":"2025-02-12T07:53:19+00:00","og_image":[{"width":1500,"height":1145,"url":"https:\/\/www.ovi.eu\/wp-content\/uploads\/2025\/02\/30829-LR.jpeg","type":"image\/jpeg"}],"twitter_card":"summary_large_image","twitter_misc":{"Dur\u00e9e de lecture est.":"1 minute"},"schema":{"@context":"https:\/\/schema.org","@graph":[{"@type":"WebPage","@id":"https:\/\/www.ovi.eu\/produits\/dots-on-stick-xxl-ovi-30829\/","url":"https:\/\/www.ovi.eu\/produits\/dots-on-stick-xxl-ovi-30829\/","name":"Dots on stick XXL 15 x +\/- 260g OVI - OVI","isPartOf":{"@id":"https:\/\/www.ovi.be\/#website"},"primaryImageOfPage":{"@id":"https:\/\/www.ovi.eu\/produits\/dots-on-stick-xxl-ovi-30829\/#primaryimage"},"image":{"@id":"https:\/\/www.ovi.eu\/produits\/dots-on-stick-xxl-ovi-30829\/#primaryimage"},"thumbnailUrl":"https:\/\/www.ovi.be\/wp-content\/uploads\/2025\/02\/30829-LR.jpeg","datePublished":"2022-11-10T15:43:12+00:00","dateModified":"2025-02-12T07:53:19+00:00","description":"Brochette de 5 ailes de poulet dor\u00e9es. Parfaites pour un barbecue d'\u00e9t\u00e9 ou comme snack dans la friterie.","breadcrumb":{"@id":"https:\/\/www.ovi.eu\/produits\/dots-on-stick-xxl-ovi-30829\/#breadcrumb"},"inLanguage":"fr-BE","potentialAction":[{"@type":"ReadAction","target":["https:\/\/www.ovi.eu\/produits\/dots-on-stick-xxl-ovi-30829\/"]}]},{"@type":"ImageObject","inLanguage":"fr-BE","@id":"https:\/\/www.ovi.eu\/produits\/dots-on-stick-xxl-ovi-30829\/#primaryimage","url":"https:\/\/www.ovi.be\/wp-content\/uploads\/2025\/02\/30829-LR.jpeg","contentUrl":"https:\/\/www.ovi.be\/wp-content\/uploads\/2025\/02\/30829-LR.jpeg","width":1500,"height":1145},{"@type":"BreadcrumbList","@id":"https:\/\/www.ovi.eu\/produits\/dots-on-stick-xxl-ovi-30829\/#breadcrumb","itemListElement":[{"@type":"ListItem","position":1,"name":"Home","item":"https:\/\/www.ovi.be\/fr\/"},{"@type":"ListItem","position":2,"name":"Produits","item":"https:\/\/www.ovi.be\/fr\/produits\/"},{"@type":"ListItem","position":3,"name":"Dots on stick XXL 15 x +\/- 260g OVI"}]},{"@type":"WebSite","@id":"https:\/\/www.ovi.be\/#website","url":"https:\/\/www.ovi.be\/","name":"OVI","description":"Your food partner","publisher":{"@id":"https:\/\/www.ovi.be\/#organization"},"potentialAction":[{"@type":"SearchAction","target":{"@type":"EntryPoint","urlTemplate":"https:\/\/www.ovi.be\/?s={search_term_string}"},"query-input":{"@type":"PropertyValueSpecification","valueRequired":true,"valueName":"search_term_string"}}],"inLanguage":"fr-BE"},{"@type":"Organization","@id":"https:\/\/www.ovi.be\/#organization","name":"OVI","url":"https:\/\/www.ovi.be\/","logo":{"@type":"ImageObject","inLanguage":"fr-BE","@id":"https:\/\/www.ovi.be\/#\/schema\/logo\/image\/","url":"https:\/\/www.ovi.be\/wp-content\/uploads\/2022\/09\/mkn-ovrzct.svg","contentUrl":"https:\/\/www.ovi.be\/wp-content\/uploads\/2022\/09\/mkn-ovrzct.svg","width":220,"height":187,"caption":"OVI"},"image":{"@id":"https:\/\/www.ovi.be\/#\/schema\/logo\/image\/"},"sameAs":["https:\/\/www.facebook.com\/OlenseVleeswarenIndustrie","https:\/\/www.linkedin.com\/company\/olensevleeswarenindustrie\/"]}]}},"_links":{"self":[{"href":"https:\/\/www.ovi.be\/fr\/wp-json\/wp\/v2\/product\/10190","targetHints":{"allow":["GET"]}}],"collection":[{"href":"https:\/\/www.ovi.be\/fr\/wp-json\/wp\/v2\/product"}],"about":[{"href":"https:\/\/www.ovi.be\/fr\/wp-json\/wp\/v2\/types\/product"}],"replies":[{"embeddable":true,"href":"https:\/\/www.ovi.be\/fr\/wp-json\/wp\/v2\/comments?post=10190"}],"wp:featuredmedia":[{"embeddable":true,"href":"https:\/\/www.ovi.be\/fr\/wp-json\/wp\/v2\/media\/11219"}],"wp:attachment":[{"href":"https:\/\/www.ovi.be\/fr\/wp-json\/wp\/v2\/media?parent=10190"}],"wp:term":[{"taxonomy":"product_brand","embeddable":true,"href":"https:\/\/www.ovi.be\/fr\/wp-json\/wp\/v2\/product_brand?post=10190"},{"taxonomy":"product_cat","embeddable":true,"href":"https:\/\/www.ovi.be\/fr\/wp-json\/wp\/v2\/product_cat?post=10190"},{"taxonomy":"product_tag","embeddable":true,"href":"https:\/\/www.ovi.be\/fr\/wp-json\/wp\/v2\/product_tag?post=10190"}],"curies":[{"name":"wp","href":"https:\/\/api.w.org\/{rel}","templated":true}]}}