{"id":10170,"date":"2022-11-10T17:43:12","date_gmt":"2022-11-10T15:43:12","guid":{"rendered":"https:\/\/www.ovi.be\/product\/bouletstick-ovi-31328\/"},"modified":"2025-02-13T14:25:07","modified_gmt":"2025-02-13T12:25:07","slug":"boulette-stick-ovi-31328","status":"publish","type":"product","link":"https:\/\/www.ovi.be\/fr\/produits\/boulette-stick-ovi-31328\/","title":{"rendered":"Boulette stick 24 x 120g OVI"},"content":{"rendered":"","protected":false},"excerpt":{"rendered":"","protected":false},"featured_media":11364,"comment_status":"closed","ping_status":"closed","template":"","meta":{"_acf_changed":false},"product_brand":[],"product_cat":[773,854,733,858,866],"product_tag":[],"class_list":{"0":"post-10170","1":"product","2":"type-product","3":"status-publish","4":"has-post-thumbnail","6":"product_cat-congelateur","7":"product_cat-friteuse","8":"product_cat-ovi-fr","9":"product_cat-poele","10":"product_cat-snacks-fr","12":"first","13":"instock","14":"product-type-simple"},"acf":[],"yoast_head":"<!-- This site is optimized with the Yoast SEO plugin v26.4 - https:\/\/yoast.com\/wordpress\/plugins\/seo\/ -->\n<title>Boulette stick 24 x 120g OVI - OVI<\/title>\n<meta name=\"description\" content=\"Une brochette de boulettes de viande pan\u00e9es \u00e0 base de porc et de volaille, embroch\u00e9es en alternance avec des oignons. Id\u00e9al avec des frites ou une salade fra\u00eeche.\" \/>\n<meta name=\"robots\" content=\"index, follow, max-snippet:-1, max-image-preview:large, max-video-preview:-1\" \/>\n<link rel=\"canonical\" href=\"https:\/\/www.ovi.eu\/produits\/bouletstick-ovi-31328\/\" \/>\n<meta property=\"og:locale\" content=\"fr_FR\" \/>\n<meta property=\"og:type\" content=\"article\" \/>\n<meta property=\"og:title\" content=\"Boulette stick 24 x 120g OVI - OVI\" \/>\n<meta property=\"og:description\" content=\"Une brochette de boulettes de viande pan\u00e9es \u00e0 base de porc et de volaille, embroch\u00e9es en alternance avec des oignons. Id\u00e9al avec des frites ou une salade fra\u00eeche.\" \/>\n<meta property=\"og:url\" content=\"https:\/\/www.ovi.eu\/produits\/bouletstick-ovi-31328\/\" \/>\n<meta property=\"og:site_name\" content=\"OVI\" \/>\n<meta property=\"article:publisher\" content=\"https:\/\/www.facebook.com\/OlenseVleeswarenIndustrie\" \/>\n<meta property=\"article:modified_time\" content=\"2025-02-13T12:25:07+00:00\" \/>\n<meta property=\"og:image\" content=\"https:\/\/www.ovi.eu\/wp-content\/uploads\/2022\/11\/31328-LR.jpeg\" \/>\n\t<meta property=\"og:image:width\" content=\"1500\" \/>\n\t<meta property=\"og:image:height\" content=\"1071\" \/>\n\t<meta property=\"og:image:type\" content=\"image\/jpeg\" \/>\n<meta name=\"twitter:card\" content=\"summary_large_image\" \/>\n<meta name=\"twitter:label1\" content=\"Dur\u00e9e de lecture est.\" \/>\n\t<meta name=\"twitter:data1\" content=\"1 minute\" \/>\n<script type=\"application\/ld+json\" class=\"yoast-schema-graph\">{\"@context\":\"https:\/\/schema.org\",\"@graph\":[{\"@type\":\"WebPage\",\"@id\":\"https:\/\/www.ovi.eu\/produits\/bouletstick-ovi-31328\/\",\"url\":\"https:\/\/www.ovi.eu\/produits\/bouletstick-ovi-31328\/\",\"name\":\"Boulette stick 24 x 120g OVI - OVI\",\"isPartOf\":{\"@id\":\"https:\/\/www.ovi.be\/#website\"},\"primaryImageOfPage\":{\"@id\":\"https:\/\/www.ovi.eu\/produits\/bouletstick-ovi-31328\/#primaryimage\"},\"image\":{\"@id\":\"https:\/\/www.ovi.eu\/produits\/bouletstick-ovi-31328\/#primaryimage\"},\"thumbnailUrl\":\"https:\/\/www.ovi.be\/wp-content\/uploads\/2022\/11\/31328-LR.jpeg\",\"datePublished\":\"2022-11-10T15:43:12+00:00\",\"dateModified\":\"2025-02-13T12:25:07+00:00\",\"description\":\"Une brochette de boulettes de viande pan\u00e9es \u00e0 base de porc et de volaille, embroch\u00e9es en alternance avec des oignons. Id\u00e9al avec des frites ou une salade fra\u00eeche.\",\"breadcrumb\":{\"@id\":\"https:\/\/www.ovi.eu\/produits\/bouletstick-ovi-31328\/#breadcrumb\"},\"inLanguage\":\"fr-BE\",\"potentialAction\":[{\"@type\":\"ReadAction\",\"target\":[\"https:\/\/www.ovi.eu\/produits\/bouletstick-ovi-31328\/\"]}]},{\"@type\":\"ImageObject\",\"inLanguage\":\"fr-BE\",\"@id\":\"https:\/\/www.ovi.eu\/produits\/bouletstick-ovi-31328\/#primaryimage\",\"url\":\"https:\/\/www.ovi.be\/wp-content\/uploads\/2022\/11\/31328-LR.jpeg\",\"contentUrl\":\"https:\/\/www.ovi.be\/wp-content\/uploads\/2022\/11\/31328-LR.jpeg\",\"width\":1500,\"height\":1071},{\"@type\":\"BreadcrumbList\",\"@id\":\"https:\/\/www.ovi.eu\/produits\/bouletstick-ovi-31328\/#breadcrumb\",\"itemListElement\":[{\"@type\":\"ListItem\",\"position\":1,\"name\":\"Home\",\"item\":\"https:\/\/www.ovi.be\/fr\/\"},{\"@type\":\"ListItem\",\"position\":2,\"name\":\"Produits\",\"item\":\"https:\/\/www.ovi.be\/fr\/produits\/\"},{\"@type\":\"ListItem\",\"position\":3,\"name\":\"Boulette stick 24 x 120g OVI\"}]},{\"@type\":\"WebSite\",\"@id\":\"https:\/\/www.ovi.be\/#website\",\"url\":\"https:\/\/www.ovi.be\/\",\"name\":\"OVI\",\"description\":\"Your food partner\",\"publisher\":{\"@id\":\"https:\/\/www.ovi.be\/#organization\"},\"potentialAction\":[{\"@type\":\"SearchAction\",\"target\":{\"@type\":\"EntryPoint\",\"urlTemplate\":\"https:\/\/www.ovi.be\/?s={search_term_string}\"},\"query-input\":{\"@type\":\"PropertyValueSpecification\",\"valueRequired\":true,\"valueName\":\"search_term_string\"}}],\"inLanguage\":\"fr-BE\"},{\"@type\":\"Organization\",\"@id\":\"https:\/\/www.ovi.be\/#organization\",\"name\":\"OVI\",\"url\":\"https:\/\/www.ovi.be\/\",\"logo\":{\"@type\":\"ImageObject\",\"inLanguage\":\"fr-BE\",\"@id\":\"https:\/\/www.ovi.be\/#\/schema\/logo\/image\/\",\"url\":\"https:\/\/www.ovi.be\/wp-content\/uploads\/2022\/09\/mkn-ovrzct.svg\",\"contentUrl\":\"https:\/\/www.ovi.be\/wp-content\/uploads\/2022\/09\/mkn-ovrzct.svg\",\"width\":220,\"height\":187,\"caption\":\"OVI\"},\"image\":{\"@id\":\"https:\/\/www.ovi.be\/#\/schema\/logo\/image\/\"},\"sameAs\":[\"https:\/\/www.facebook.com\/OlenseVleeswarenIndustrie\",\"https:\/\/www.linkedin.com\/company\/olensevleeswarenindustrie\/\"]}]}<\/script>\n<!-- \/ Yoast SEO plugin. -->","yoast_head_json":{"title":"Boulette stick 24 x 120g OVI - OVI","description":"Une brochette de boulettes de viande pan\u00e9es \u00e0 base de porc et de volaille, embroch\u00e9es en alternance avec des oignons. Id\u00e9al avec des frites ou une salade fra\u00eeche.","robots":{"index":"index","follow":"follow","max-snippet":"max-snippet:-1","max-image-preview":"max-image-preview:large","max-video-preview":"max-video-preview:-1"},"canonical":"https:\/\/www.ovi.eu\/produits\/bouletstick-ovi-31328\/","og_locale":"fr_FR","og_type":"article","og_title":"Boulette stick 24 x 120g OVI - OVI","og_description":"Une brochette de boulettes de viande pan\u00e9es \u00e0 base de porc et de volaille, embroch\u00e9es en alternance avec des oignons. Id\u00e9al avec des frites ou une salade fra\u00eeche.","og_url":"https:\/\/www.ovi.eu\/produits\/bouletstick-ovi-31328\/","og_site_name":"OVI","article_publisher":"https:\/\/www.facebook.com\/OlenseVleeswarenIndustrie","article_modified_time":"2025-02-13T12:25:07+00:00","og_image":[{"width":1500,"height":1071,"url":"https:\/\/www.ovi.eu\/wp-content\/uploads\/2022\/11\/31328-LR.jpeg","type":"image\/jpeg"}],"twitter_card":"summary_large_image","twitter_misc":{"Dur\u00e9e de lecture est.":"1 minute"},"schema":{"@context":"https:\/\/schema.org","@graph":[{"@type":"WebPage","@id":"https:\/\/www.ovi.eu\/produits\/bouletstick-ovi-31328\/","url":"https:\/\/www.ovi.eu\/produits\/bouletstick-ovi-31328\/","name":"Boulette stick 24 x 120g OVI - OVI","isPartOf":{"@id":"https:\/\/www.ovi.be\/#website"},"primaryImageOfPage":{"@id":"https:\/\/www.ovi.eu\/produits\/bouletstick-ovi-31328\/#primaryimage"},"image":{"@id":"https:\/\/www.ovi.eu\/produits\/bouletstick-ovi-31328\/#primaryimage"},"thumbnailUrl":"https:\/\/www.ovi.be\/wp-content\/uploads\/2022\/11\/31328-LR.jpeg","datePublished":"2022-11-10T15:43:12+00:00","dateModified":"2025-02-13T12:25:07+00:00","description":"Une brochette de boulettes de viande pan\u00e9es \u00e0 base de porc et de volaille, embroch\u00e9es en alternance avec des oignons. Id\u00e9al avec des frites ou une salade fra\u00eeche.","breadcrumb":{"@id":"https:\/\/www.ovi.eu\/produits\/bouletstick-ovi-31328\/#breadcrumb"},"inLanguage":"fr-BE","potentialAction":[{"@type":"ReadAction","target":["https:\/\/www.ovi.eu\/produits\/bouletstick-ovi-31328\/"]}]},{"@type":"ImageObject","inLanguage":"fr-BE","@id":"https:\/\/www.ovi.eu\/produits\/bouletstick-ovi-31328\/#primaryimage","url":"https:\/\/www.ovi.be\/wp-content\/uploads\/2022\/11\/31328-LR.jpeg","contentUrl":"https:\/\/www.ovi.be\/wp-content\/uploads\/2022\/11\/31328-LR.jpeg","width":1500,"height":1071},{"@type":"BreadcrumbList","@id":"https:\/\/www.ovi.eu\/produits\/bouletstick-ovi-31328\/#breadcrumb","itemListElement":[{"@type":"ListItem","position":1,"name":"Home","item":"https:\/\/www.ovi.be\/fr\/"},{"@type":"ListItem","position":2,"name":"Produits","item":"https:\/\/www.ovi.be\/fr\/produits\/"},{"@type":"ListItem","position":3,"name":"Boulette stick 24 x 120g OVI"}]},{"@type":"WebSite","@id":"https:\/\/www.ovi.be\/#website","url":"https:\/\/www.ovi.be\/","name":"OVI","description":"Your food partner","publisher":{"@id":"https:\/\/www.ovi.be\/#organization"},"potentialAction":[{"@type":"SearchAction","target":{"@type":"EntryPoint","urlTemplate":"https:\/\/www.ovi.be\/?s={search_term_string}"},"query-input":{"@type":"PropertyValueSpecification","valueRequired":true,"valueName":"search_term_string"}}],"inLanguage":"fr-BE"},{"@type":"Organization","@id":"https:\/\/www.ovi.be\/#organization","name":"OVI","url":"https:\/\/www.ovi.be\/","logo":{"@type":"ImageObject","inLanguage":"fr-BE","@id":"https:\/\/www.ovi.be\/#\/schema\/logo\/image\/","url":"https:\/\/www.ovi.be\/wp-content\/uploads\/2022\/09\/mkn-ovrzct.svg","contentUrl":"https:\/\/www.ovi.be\/wp-content\/uploads\/2022\/09\/mkn-ovrzct.svg","width":220,"height":187,"caption":"OVI"},"image":{"@id":"https:\/\/www.ovi.be\/#\/schema\/logo\/image\/"},"sameAs":["https:\/\/www.facebook.com\/OlenseVleeswarenIndustrie","https:\/\/www.linkedin.com\/company\/olensevleeswarenindustrie\/"]}]}},"_links":{"self":[{"href":"https:\/\/www.ovi.be\/fr\/wp-json\/wp\/v2\/product\/10170","targetHints":{"allow":["GET"]}}],"collection":[{"href":"https:\/\/www.ovi.be\/fr\/wp-json\/wp\/v2\/product"}],"about":[{"href":"https:\/\/www.ovi.be\/fr\/wp-json\/wp\/v2\/types\/product"}],"replies":[{"embeddable":true,"href":"https:\/\/www.ovi.be\/fr\/wp-json\/wp\/v2\/comments?post=10170"}],"wp:featuredmedia":[{"embeddable":true,"href":"https:\/\/www.ovi.be\/fr\/wp-json\/wp\/v2\/media\/11364"}],"wp:attachment":[{"href":"https:\/\/www.ovi.be\/fr\/wp-json\/wp\/v2\/media?parent=10170"}],"wp:term":[{"taxonomy":"product_brand","embeddable":true,"href":"https:\/\/www.ovi.be\/fr\/wp-json\/wp\/v2\/product_brand?post=10170"},{"taxonomy":"product_cat","embeddable":true,"href":"https:\/\/www.ovi.be\/fr\/wp-json\/wp\/v2\/product_cat?post=10170"},{"taxonomy":"product_tag","embeddable":true,"href":"https:\/\/www.ovi.be\/fr\/wp-json\/wp\/v2\/product_tag?post=10170"}],"curies":[{"name":"wp","href":"https:\/\/api.w.org\/{rel}","templated":true}]}}