{"id":10156,"date":"2022-11-10T17:43:28","date_gmt":"2022-11-10T15:43:28","guid":{"rendered":"https:\/\/www.ovi.be\/product\/frankfurter-worstjes-50g-savico-40250\/"},"modified":"2024-11-05T12:54:08","modified_gmt":"2024-11-05T10:54:08","slug":"saucisses-francfort-50g-savico-40250","status":"publish","type":"product","link":"https:\/\/www.ovi.be\/fr\/produits\/saucisses-francfort-50g-savico-40250\/","title":{"rendered":"Saucisses de Francfort 10 x 50g SAVICO"},"content":{"rendered":"","protected":false},"excerpt":{"rendered":"","protected":false},"featured_media":9351,"comment_status":"closed","ping_status":"closed","template":"","meta":{"_acf_changed":false},"product_brand":[],"product_cat":[852,858,859,736,861,869],"product_tag":[],"class_list":{"0":"post-10156","1":"product","2":"type-product","3":"status-publish","4":"has-post-thumbnail","6":"product_cat-au-bain-marie-fr","7":"product_cat-poele","8":"product_cat-pret-a-manger","9":"product_cat-savico-fr","10":"product_cat-temperature-ambiente","11":"product_cat-vleesconserven-fr","13":"first","14":"instock","15":"product-type-simple"},"acf":[],"yoast_head":"<!-- This site is optimized with the Yoast SEO plugin v26.4 - https:\/\/yoast.com\/wordpress\/plugins\/seo\/ -->\n<title>Saucisses de Francfort 10 x 50g SAVICO - OVI<\/title>\n<meta name=\"description\" content=\"Les saucisses francfort de Savico sont fum\u00e9es au bois de h\u00eatre et produites avec de la viande de volaille et de porc. Id\u00e9ales dans un sandwich.\" \/>\n<meta name=\"robots\" content=\"index, follow, max-snippet:-1, max-image-preview:large, max-video-preview:-1\" \/>\n<link rel=\"canonical\" href=\"https:\/\/www.ovi.eu\/produits\/frankfurter-worstjes-50g-savico-40250\/\" \/>\n<meta property=\"og:locale\" content=\"fr_FR\" \/>\n<meta property=\"og:type\" content=\"article\" \/>\n<meta property=\"og:title\" content=\"Saucisses de Francfort 10 x 50g SAVICO - OVI\" \/>\n<meta property=\"og:description\" content=\"Les saucisses francfort de Savico sont fum\u00e9es au bois de h\u00eatre et produites avec de la viande de volaille et de porc. Id\u00e9ales dans un sandwich.\" \/>\n<meta property=\"og:url\" content=\"https:\/\/www.ovi.eu\/produits\/frankfurter-worstjes-50g-savico-40250\/\" \/>\n<meta property=\"og:site_name\" content=\"OVI\" \/>\n<meta property=\"article:publisher\" content=\"https:\/\/www.facebook.com\/OlenseVleeswarenIndustrie\" \/>\n<meta property=\"article:modified_time\" content=\"2024-11-05T10:54:08+00:00\" \/>\n<meta property=\"og:image\" content=\"https:\/\/www.ovi.eu\/wp-content\/uploads\/2022\/11\/40250-scaled.jpg\" \/>\n\t<meta property=\"og:image:width\" content=\"1890\" \/>\n\t<meta property=\"og:image:height\" content=\"2560\" \/>\n\t<meta property=\"og:image:type\" content=\"image\/jpeg\" \/>\n<meta name=\"twitter:card\" content=\"summary_large_image\" \/>\n<meta name=\"twitter:label1\" content=\"Dur\u00e9e de lecture est.\" \/>\n\t<meta name=\"twitter:data1\" content=\"1 minute\" \/>\n<script type=\"application\/ld+json\" class=\"yoast-schema-graph\">{\"@context\":\"https:\/\/schema.org\",\"@graph\":[{\"@type\":\"WebPage\",\"@id\":\"https:\/\/www.ovi.eu\/produits\/frankfurter-worstjes-50g-savico-40250\/\",\"url\":\"https:\/\/www.ovi.eu\/produits\/frankfurter-worstjes-50g-savico-40250\/\",\"name\":\"Saucisses de Francfort 10 x 50g SAVICO - OVI\",\"isPartOf\":{\"@id\":\"https:\/\/www.ovi.be\/#website\"},\"primaryImageOfPage\":{\"@id\":\"https:\/\/www.ovi.eu\/produits\/frankfurter-worstjes-50g-savico-40250\/#primaryimage\"},\"image\":{\"@id\":\"https:\/\/www.ovi.eu\/produits\/frankfurter-worstjes-50g-savico-40250\/#primaryimage\"},\"thumbnailUrl\":\"https:\/\/www.ovi.be\/wp-content\/uploads\/2022\/11\/40250-scaled.jpg\",\"datePublished\":\"2022-11-10T15:43:28+00:00\",\"dateModified\":\"2024-11-05T10:54:08+00:00\",\"description\":\"Les saucisses francfort de Savico sont fum\u00e9es au bois de h\u00eatre et produites avec de la viande de volaille et de porc. Id\u00e9ales dans un sandwich.\",\"breadcrumb\":{\"@id\":\"https:\/\/www.ovi.eu\/produits\/frankfurter-worstjes-50g-savico-40250\/#breadcrumb\"},\"inLanguage\":\"fr-BE\",\"potentialAction\":[{\"@type\":\"ReadAction\",\"target\":[\"https:\/\/www.ovi.eu\/produits\/frankfurter-worstjes-50g-savico-40250\/\"]}]},{\"@type\":\"ImageObject\",\"inLanguage\":\"fr-BE\",\"@id\":\"https:\/\/www.ovi.eu\/produits\/frankfurter-worstjes-50g-savico-40250\/#primaryimage\",\"url\":\"https:\/\/www.ovi.be\/wp-content\/uploads\/2022\/11\/40250-scaled.jpg\",\"contentUrl\":\"https:\/\/www.ovi.be\/wp-content\/uploads\/2022\/11\/40250-scaled.jpg\",\"width\":1890,\"height\":2560},{\"@type\":\"BreadcrumbList\",\"@id\":\"https:\/\/www.ovi.eu\/produits\/frankfurter-worstjes-50g-savico-40250\/#breadcrumb\",\"itemListElement\":[{\"@type\":\"ListItem\",\"position\":1,\"name\":\"Home\",\"item\":\"https:\/\/www.ovi.be\/fr\/\"},{\"@type\":\"ListItem\",\"position\":2,\"name\":\"Produits\",\"item\":\"https:\/\/www.ovi.be\/fr\/produits\/\"},{\"@type\":\"ListItem\",\"position\":3,\"name\":\"Saucisses de Francfort 10 x 50g SAVICO\"}]},{\"@type\":\"WebSite\",\"@id\":\"https:\/\/www.ovi.be\/#website\",\"url\":\"https:\/\/www.ovi.be\/\",\"name\":\"OVI\",\"description\":\"Your food partner\",\"publisher\":{\"@id\":\"https:\/\/www.ovi.be\/#organization\"},\"potentialAction\":[{\"@type\":\"SearchAction\",\"target\":{\"@type\":\"EntryPoint\",\"urlTemplate\":\"https:\/\/www.ovi.be\/?s={search_term_string}\"},\"query-input\":{\"@type\":\"PropertyValueSpecification\",\"valueRequired\":true,\"valueName\":\"search_term_string\"}}],\"inLanguage\":\"fr-BE\"},{\"@type\":\"Organization\",\"@id\":\"https:\/\/www.ovi.be\/#organization\",\"name\":\"OVI\",\"url\":\"https:\/\/www.ovi.be\/\",\"logo\":{\"@type\":\"ImageObject\",\"inLanguage\":\"fr-BE\",\"@id\":\"https:\/\/www.ovi.be\/#\/schema\/logo\/image\/\",\"url\":\"https:\/\/www.ovi.be\/wp-content\/uploads\/2022\/09\/mkn-ovrzct.svg\",\"contentUrl\":\"https:\/\/www.ovi.be\/wp-content\/uploads\/2022\/09\/mkn-ovrzct.svg\",\"width\":220,\"height\":187,\"caption\":\"OVI\"},\"image\":{\"@id\":\"https:\/\/www.ovi.be\/#\/schema\/logo\/image\/\"},\"sameAs\":[\"https:\/\/www.facebook.com\/OlenseVleeswarenIndustrie\",\"https:\/\/www.linkedin.com\/company\/olensevleeswarenindustrie\/\"]}]}<\/script>\n<!-- \/ Yoast SEO plugin. -->","yoast_head_json":{"title":"Saucisses de Francfort 10 x 50g SAVICO - OVI","description":"Les saucisses francfort de Savico sont fum\u00e9es au bois de h\u00eatre et produites avec de la viande de volaille et de porc. Id\u00e9ales dans un sandwich.","robots":{"index":"index","follow":"follow","max-snippet":"max-snippet:-1","max-image-preview":"max-image-preview:large","max-video-preview":"max-video-preview:-1"},"canonical":"https:\/\/www.ovi.eu\/produits\/frankfurter-worstjes-50g-savico-40250\/","og_locale":"fr_FR","og_type":"article","og_title":"Saucisses de Francfort 10 x 50g SAVICO - OVI","og_description":"Les saucisses francfort de Savico sont fum\u00e9es au bois de h\u00eatre et produites avec de la viande de volaille et de porc. Id\u00e9ales dans un sandwich.","og_url":"https:\/\/www.ovi.eu\/produits\/frankfurter-worstjes-50g-savico-40250\/","og_site_name":"OVI","article_publisher":"https:\/\/www.facebook.com\/OlenseVleeswarenIndustrie","article_modified_time":"2024-11-05T10:54:08+00:00","og_image":[{"width":1890,"height":2560,"url":"https:\/\/www.ovi.eu\/wp-content\/uploads\/2022\/11\/40250-scaled.jpg","type":"image\/jpeg"}],"twitter_card":"summary_large_image","twitter_misc":{"Dur\u00e9e de lecture est.":"1 minute"},"schema":{"@context":"https:\/\/schema.org","@graph":[{"@type":"WebPage","@id":"https:\/\/www.ovi.eu\/produits\/frankfurter-worstjes-50g-savico-40250\/","url":"https:\/\/www.ovi.eu\/produits\/frankfurter-worstjes-50g-savico-40250\/","name":"Saucisses de Francfort 10 x 50g SAVICO - OVI","isPartOf":{"@id":"https:\/\/www.ovi.be\/#website"},"primaryImageOfPage":{"@id":"https:\/\/www.ovi.eu\/produits\/frankfurter-worstjes-50g-savico-40250\/#primaryimage"},"image":{"@id":"https:\/\/www.ovi.eu\/produits\/frankfurter-worstjes-50g-savico-40250\/#primaryimage"},"thumbnailUrl":"https:\/\/www.ovi.be\/wp-content\/uploads\/2022\/11\/40250-scaled.jpg","datePublished":"2022-11-10T15:43:28+00:00","dateModified":"2024-11-05T10:54:08+00:00","description":"Les saucisses francfort de Savico sont fum\u00e9es au bois de h\u00eatre et produites avec de la viande de volaille et de porc. Id\u00e9ales dans un sandwich.","breadcrumb":{"@id":"https:\/\/www.ovi.eu\/produits\/frankfurter-worstjes-50g-savico-40250\/#breadcrumb"},"inLanguage":"fr-BE","potentialAction":[{"@type":"ReadAction","target":["https:\/\/www.ovi.eu\/produits\/frankfurter-worstjes-50g-savico-40250\/"]}]},{"@type":"ImageObject","inLanguage":"fr-BE","@id":"https:\/\/www.ovi.eu\/produits\/frankfurter-worstjes-50g-savico-40250\/#primaryimage","url":"https:\/\/www.ovi.be\/wp-content\/uploads\/2022\/11\/40250-scaled.jpg","contentUrl":"https:\/\/www.ovi.be\/wp-content\/uploads\/2022\/11\/40250-scaled.jpg","width":1890,"height":2560},{"@type":"BreadcrumbList","@id":"https:\/\/www.ovi.eu\/produits\/frankfurter-worstjes-50g-savico-40250\/#breadcrumb","itemListElement":[{"@type":"ListItem","position":1,"name":"Home","item":"https:\/\/www.ovi.be\/fr\/"},{"@type":"ListItem","position":2,"name":"Produits","item":"https:\/\/www.ovi.be\/fr\/produits\/"},{"@type":"ListItem","position":3,"name":"Saucisses de Francfort 10 x 50g SAVICO"}]},{"@type":"WebSite","@id":"https:\/\/www.ovi.be\/#website","url":"https:\/\/www.ovi.be\/","name":"OVI","description":"Your food partner","publisher":{"@id":"https:\/\/www.ovi.be\/#organization"},"potentialAction":[{"@type":"SearchAction","target":{"@type":"EntryPoint","urlTemplate":"https:\/\/www.ovi.be\/?s={search_term_string}"},"query-input":{"@type":"PropertyValueSpecification","valueRequired":true,"valueName":"search_term_string"}}],"inLanguage":"fr-BE"},{"@type":"Organization","@id":"https:\/\/www.ovi.be\/#organization","name":"OVI","url":"https:\/\/www.ovi.be\/","logo":{"@type":"ImageObject","inLanguage":"fr-BE","@id":"https:\/\/www.ovi.be\/#\/schema\/logo\/image\/","url":"https:\/\/www.ovi.be\/wp-content\/uploads\/2022\/09\/mkn-ovrzct.svg","contentUrl":"https:\/\/www.ovi.be\/wp-content\/uploads\/2022\/09\/mkn-ovrzct.svg","width":220,"height":187,"caption":"OVI"},"image":{"@id":"https:\/\/www.ovi.be\/#\/schema\/logo\/image\/"},"sameAs":["https:\/\/www.facebook.com\/OlenseVleeswarenIndustrie","https:\/\/www.linkedin.com\/company\/olensevleeswarenindustrie\/"]}]}},"_links":{"self":[{"href":"https:\/\/www.ovi.be\/fr\/wp-json\/wp\/v2\/product\/10156","targetHints":{"allow":["GET"]}}],"collection":[{"href":"https:\/\/www.ovi.be\/fr\/wp-json\/wp\/v2\/product"}],"about":[{"href":"https:\/\/www.ovi.be\/fr\/wp-json\/wp\/v2\/types\/product"}],"replies":[{"embeddable":true,"href":"https:\/\/www.ovi.be\/fr\/wp-json\/wp\/v2\/comments?post=10156"}],"wp:featuredmedia":[{"embeddable":true,"href":"https:\/\/www.ovi.be\/fr\/wp-json\/wp\/v2\/media\/9351"}],"wp:attachment":[{"href":"https:\/\/www.ovi.be\/fr\/wp-json\/wp\/v2\/media?parent=10156"}],"wp:term":[{"taxonomy":"product_brand","embeddable":true,"href":"https:\/\/www.ovi.be\/fr\/wp-json\/wp\/v2\/product_brand?post=10156"},{"taxonomy":"product_cat","embeddable":true,"href":"https:\/\/www.ovi.be\/fr\/wp-json\/wp\/v2\/product_cat?post=10156"},{"taxonomy":"product_tag","embeddable":true,"href":"https:\/\/www.ovi.be\/fr\/wp-json\/wp\/v2\/product_tag?post=10156"}],"curies":[{"name":"wp","href":"https:\/\/api.w.org\/{rel}","templated":true}]}}