{"id":10128,"date":"2022-11-10T17:43:28","date_gmt":"2022-11-10T15:43:28","guid":{"rendered":"https:\/\/www.ovi.be\/product\/frankfurter-worstjes-40g-savico-40202\/"},"modified":"2024-11-05T12:08:48","modified_gmt":"2024-11-05T10:08:48","slug":"saucisses-francfort-40g-savico-40202","status":"publish","type":"product","link":"https:\/\/www.ovi.be\/fr\/produits\/saucisses-francfort-40g-savico-40202\/","title":{"rendered":"Saucisses de Francfort 50 x 40g SAVICO"},"content":{"rendered":"","protected":false},"excerpt":{"rendered":"","protected":false},"featured_media":5761,"comment_status":"closed","ping_status":"closed","template":"","meta":{"_acf_changed":false},"product_brand":[],"product_cat":[852,858,859,736,861,869],"product_tag":[],"class_list":{"0":"post-10128","1":"product","2":"type-product","3":"status-publish","4":"has-post-thumbnail","6":"product_cat-au-bain-marie-fr","7":"product_cat-poele","8":"product_cat-pret-a-manger","9":"product_cat-savico-fr","10":"product_cat-temperature-ambiente","11":"product_cat-vleesconserven-fr","13":"first","14":"instock","15":"product-type-simple"},"acf":[],"yoast_head":"<!-- This site is optimized with the Yoast SEO plugin v26.4 - https:\/\/yoast.com\/wordpress\/plugins\/seo\/ -->\n<title>Saucisses de Francfort 50 x 40g SAVICO - OVI<\/title>\n<meta name=\"description\" content=\"Des saucisses de Francfort fum\u00e9es \u00e0 base de volaille et de porc, en boite de 50 pi\u00e8ces \u00e0 ouverture facile. Id\u00e9ales dans un petit pain avec de la moutarde ou du ketchup.\" \/>\n<meta name=\"robots\" content=\"index, follow, max-snippet:-1, max-image-preview:large, max-video-preview:-1\" \/>\n<link rel=\"canonical\" href=\"https:\/\/www.ovi.eu\/produits\/frankfurter-worstjes-40g-savico-40202\/\" \/>\n<meta property=\"og:locale\" content=\"fr_FR\" \/>\n<meta property=\"og:type\" content=\"article\" \/>\n<meta property=\"og:title\" content=\"Saucisses de Francfort 50 x 40g SAVICO - OVI\" \/>\n<meta property=\"og:description\" content=\"Des saucisses de Francfort fum\u00e9es \u00e0 base de volaille et de porc, en boite de 50 pi\u00e8ces \u00e0 ouverture facile. Id\u00e9ales dans un petit pain avec de la moutarde ou du ketchup.\" \/>\n<meta property=\"og:url\" content=\"https:\/\/www.ovi.eu\/produits\/frankfurter-worstjes-40g-savico-40202\/\" \/>\n<meta property=\"og:site_name\" content=\"OVI\" \/>\n<meta property=\"article:publisher\" content=\"https:\/\/www.facebook.com\/OlenseVleeswarenIndustrie\" \/>\n<meta property=\"article:modified_time\" content=\"2024-11-05T10:08:48+00:00\" \/>\n<meta property=\"og:image\" content=\"https:\/\/www.ovi.eu\/wp-content\/uploads\/2022\/11\/Francforts-50-x-40g-SAVICO-scaled.jpg\" \/>\n\t<meta property=\"og:image:width\" content=\"2560\" \/>\n\t<meta property=\"og:image:height\" content=\"2300\" \/>\n\t<meta property=\"og:image:type\" content=\"image\/jpeg\" \/>\n<meta name=\"twitter:card\" content=\"summary_large_image\" \/>\n<meta name=\"twitter:label1\" content=\"Dur\u00e9e de lecture est.\" \/>\n\t<meta name=\"twitter:data1\" content=\"1 minute\" \/>\n<script type=\"application\/ld+json\" class=\"yoast-schema-graph\">{\"@context\":\"https:\/\/schema.org\",\"@graph\":[{\"@type\":\"WebPage\",\"@id\":\"https:\/\/www.ovi.eu\/produits\/frankfurter-worstjes-40g-savico-40202\/\",\"url\":\"https:\/\/www.ovi.eu\/produits\/frankfurter-worstjes-40g-savico-40202\/\",\"name\":\"Saucisses de Francfort 50 x 40g SAVICO - OVI\",\"isPartOf\":{\"@id\":\"https:\/\/www.ovi.be\/#website\"},\"primaryImageOfPage\":{\"@id\":\"https:\/\/www.ovi.eu\/produits\/frankfurter-worstjes-40g-savico-40202\/#primaryimage\"},\"image\":{\"@id\":\"https:\/\/www.ovi.eu\/produits\/frankfurter-worstjes-40g-savico-40202\/#primaryimage\"},\"thumbnailUrl\":\"https:\/\/www.ovi.be\/wp-content\/uploads\/2022\/11\/Francforts-50-x-40g-SAVICO-scaled.jpg\",\"datePublished\":\"2022-11-10T15:43:28+00:00\",\"dateModified\":\"2024-11-05T10:08:48+00:00\",\"description\":\"Des saucisses de Francfort fum\u00e9es \u00e0 base de volaille et de porc, en boite de 50 pi\u00e8ces \u00e0 ouverture facile. Id\u00e9ales dans un petit pain avec de la moutarde ou du ketchup.\",\"breadcrumb\":{\"@id\":\"https:\/\/www.ovi.eu\/produits\/frankfurter-worstjes-40g-savico-40202\/#breadcrumb\"},\"inLanguage\":\"fr-BE\",\"potentialAction\":[{\"@type\":\"ReadAction\",\"target\":[\"https:\/\/www.ovi.eu\/produits\/frankfurter-worstjes-40g-savico-40202\/\"]}]},{\"@type\":\"ImageObject\",\"inLanguage\":\"fr-BE\",\"@id\":\"https:\/\/www.ovi.eu\/produits\/frankfurter-worstjes-40g-savico-40202\/#primaryimage\",\"url\":\"https:\/\/www.ovi.be\/wp-content\/uploads\/2022\/11\/Francforts-50-x-40g-SAVICO-scaled.jpg\",\"contentUrl\":\"https:\/\/www.ovi.be\/wp-content\/uploads\/2022\/11\/Francforts-50-x-40g-SAVICO-scaled.jpg\",\"width\":2560,\"height\":2300},{\"@type\":\"BreadcrumbList\",\"@id\":\"https:\/\/www.ovi.eu\/produits\/frankfurter-worstjes-40g-savico-40202\/#breadcrumb\",\"itemListElement\":[{\"@type\":\"ListItem\",\"position\":1,\"name\":\"Home\",\"item\":\"https:\/\/www.ovi.be\/fr\/\"},{\"@type\":\"ListItem\",\"position\":2,\"name\":\"Produits\",\"item\":\"https:\/\/www.ovi.be\/fr\/produits\/\"},{\"@type\":\"ListItem\",\"position\":3,\"name\":\"Saucisses de Francfort 50 x 40g SAVICO\"}]},{\"@type\":\"WebSite\",\"@id\":\"https:\/\/www.ovi.be\/#website\",\"url\":\"https:\/\/www.ovi.be\/\",\"name\":\"OVI\",\"description\":\"Your food partner\",\"publisher\":{\"@id\":\"https:\/\/www.ovi.be\/#organization\"},\"potentialAction\":[{\"@type\":\"SearchAction\",\"target\":{\"@type\":\"EntryPoint\",\"urlTemplate\":\"https:\/\/www.ovi.be\/?s={search_term_string}\"},\"query-input\":{\"@type\":\"PropertyValueSpecification\",\"valueRequired\":true,\"valueName\":\"search_term_string\"}}],\"inLanguage\":\"fr-BE\"},{\"@type\":\"Organization\",\"@id\":\"https:\/\/www.ovi.be\/#organization\",\"name\":\"OVI\",\"url\":\"https:\/\/www.ovi.be\/\",\"logo\":{\"@type\":\"ImageObject\",\"inLanguage\":\"fr-BE\",\"@id\":\"https:\/\/www.ovi.be\/#\/schema\/logo\/image\/\",\"url\":\"https:\/\/www.ovi.be\/wp-content\/uploads\/2022\/09\/mkn-ovrzct.svg\",\"contentUrl\":\"https:\/\/www.ovi.be\/wp-content\/uploads\/2022\/09\/mkn-ovrzct.svg\",\"width\":220,\"height\":187,\"caption\":\"OVI\"},\"image\":{\"@id\":\"https:\/\/www.ovi.be\/#\/schema\/logo\/image\/\"},\"sameAs\":[\"https:\/\/www.facebook.com\/OlenseVleeswarenIndustrie\",\"https:\/\/www.linkedin.com\/company\/olensevleeswarenindustrie\/\"]}]}<\/script>\n<!-- \/ Yoast SEO plugin. -->","yoast_head_json":{"title":"Saucisses de Francfort 50 x 40g SAVICO - OVI","description":"Des saucisses de Francfort fum\u00e9es \u00e0 base de volaille et de porc, en boite de 50 pi\u00e8ces \u00e0 ouverture facile. Id\u00e9ales dans un petit pain avec de la moutarde ou du ketchup.","robots":{"index":"index","follow":"follow","max-snippet":"max-snippet:-1","max-image-preview":"max-image-preview:large","max-video-preview":"max-video-preview:-1"},"canonical":"https:\/\/www.ovi.eu\/produits\/frankfurter-worstjes-40g-savico-40202\/","og_locale":"fr_FR","og_type":"article","og_title":"Saucisses de Francfort 50 x 40g SAVICO - OVI","og_description":"Des saucisses de Francfort fum\u00e9es \u00e0 base de volaille et de porc, en boite de 50 pi\u00e8ces \u00e0 ouverture facile. Id\u00e9ales dans un petit pain avec de la moutarde ou du ketchup.","og_url":"https:\/\/www.ovi.eu\/produits\/frankfurter-worstjes-40g-savico-40202\/","og_site_name":"OVI","article_publisher":"https:\/\/www.facebook.com\/OlenseVleeswarenIndustrie","article_modified_time":"2024-11-05T10:08:48+00:00","og_image":[{"width":2560,"height":2300,"url":"https:\/\/www.ovi.eu\/wp-content\/uploads\/2022\/11\/Francforts-50-x-40g-SAVICO-scaled.jpg","type":"image\/jpeg"}],"twitter_card":"summary_large_image","twitter_misc":{"Dur\u00e9e de lecture est.":"1 minute"},"schema":{"@context":"https:\/\/schema.org","@graph":[{"@type":"WebPage","@id":"https:\/\/www.ovi.eu\/produits\/frankfurter-worstjes-40g-savico-40202\/","url":"https:\/\/www.ovi.eu\/produits\/frankfurter-worstjes-40g-savico-40202\/","name":"Saucisses de Francfort 50 x 40g SAVICO - OVI","isPartOf":{"@id":"https:\/\/www.ovi.be\/#website"},"primaryImageOfPage":{"@id":"https:\/\/www.ovi.eu\/produits\/frankfurter-worstjes-40g-savico-40202\/#primaryimage"},"image":{"@id":"https:\/\/www.ovi.eu\/produits\/frankfurter-worstjes-40g-savico-40202\/#primaryimage"},"thumbnailUrl":"https:\/\/www.ovi.be\/wp-content\/uploads\/2022\/11\/Francforts-50-x-40g-SAVICO-scaled.jpg","datePublished":"2022-11-10T15:43:28+00:00","dateModified":"2024-11-05T10:08:48+00:00","description":"Des saucisses de Francfort fum\u00e9es \u00e0 base de volaille et de porc, en boite de 50 pi\u00e8ces \u00e0 ouverture facile. Id\u00e9ales dans un petit pain avec de la moutarde ou du ketchup.","breadcrumb":{"@id":"https:\/\/www.ovi.eu\/produits\/frankfurter-worstjes-40g-savico-40202\/#breadcrumb"},"inLanguage":"fr-BE","potentialAction":[{"@type":"ReadAction","target":["https:\/\/www.ovi.eu\/produits\/frankfurter-worstjes-40g-savico-40202\/"]}]},{"@type":"ImageObject","inLanguage":"fr-BE","@id":"https:\/\/www.ovi.eu\/produits\/frankfurter-worstjes-40g-savico-40202\/#primaryimage","url":"https:\/\/www.ovi.be\/wp-content\/uploads\/2022\/11\/Francforts-50-x-40g-SAVICO-scaled.jpg","contentUrl":"https:\/\/www.ovi.be\/wp-content\/uploads\/2022\/11\/Francforts-50-x-40g-SAVICO-scaled.jpg","width":2560,"height":2300},{"@type":"BreadcrumbList","@id":"https:\/\/www.ovi.eu\/produits\/frankfurter-worstjes-40g-savico-40202\/#breadcrumb","itemListElement":[{"@type":"ListItem","position":1,"name":"Home","item":"https:\/\/www.ovi.be\/fr\/"},{"@type":"ListItem","position":2,"name":"Produits","item":"https:\/\/www.ovi.be\/fr\/produits\/"},{"@type":"ListItem","position":3,"name":"Saucisses de Francfort 50 x 40g SAVICO"}]},{"@type":"WebSite","@id":"https:\/\/www.ovi.be\/#website","url":"https:\/\/www.ovi.be\/","name":"OVI","description":"Your food partner","publisher":{"@id":"https:\/\/www.ovi.be\/#organization"},"potentialAction":[{"@type":"SearchAction","target":{"@type":"EntryPoint","urlTemplate":"https:\/\/www.ovi.be\/?s={search_term_string}"},"query-input":{"@type":"PropertyValueSpecification","valueRequired":true,"valueName":"search_term_string"}}],"inLanguage":"fr-BE"},{"@type":"Organization","@id":"https:\/\/www.ovi.be\/#organization","name":"OVI","url":"https:\/\/www.ovi.be\/","logo":{"@type":"ImageObject","inLanguage":"fr-BE","@id":"https:\/\/www.ovi.be\/#\/schema\/logo\/image\/","url":"https:\/\/www.ovi.be\/wp-content\/uploads\/2022\/09\/mkn-ovrzct.svg","contentUrl":"https:\/\/www.ovi.be\/wp-content\/uploads\/2022\/09\/mkn-ovrzct.svg","width":220,"height":187,"caption":"OVI"},"image":{"@id":"https:\/\/www.ovi.be\/#\/schema\/logo\/image\/"},"sameAs":["https:\/\/www.facebook.com\/OlenseVleeswarenIndustrie","https:\/\/www.linkedin.com\/company\/olensevleeswarenindustrie\/"]}]}},"_links":{"self":[{"href":"https:\/\/www.ovi.be\/fr\/wp-json\/wp\/v2\/product\/10128","targetHints":{"allow":["GET"]}}],"collection":[{"href":"https:\/\/www.ovi.be\/fr\/wp-json\/wp\/v2\/product"}],"about":[{"href":"https:\/\/www.ovi.be\/fr\/wp-json\/wp\/v2\/types\/product"}],"replies":[{"embeddable":true,"href":"https:\/\/www.ovi.be\/fr\/wp-json\/wp\/v2\/comments?post=10128"}],"wp:featuredmedia":[{"embeddable":true,"href":"https:\/\/www.ovi.be\/fr\/wp-json\/wp\/v2\/media\/5761"}],"wp:attachment":[{"href":"https:\/\/www.ovi.be\/fr\/wp-json\/wp\/v2\/media?parent=10128"}],"wp:term":[{"taxonomy":"product_brand","embeddable":true,"href":"https:\/\/www.ovi.be\/fr\/wp-json\/wp\/v2\/product_brand?post=10128"},{"taxonomy":"product_cat","embeddable":true,"href":"https:\/\/www.ovi.be\/fr\/wp-json\/wp\/v2\/product_cat?post=10128"},{"taxonomy":"product_tag","embeddable":true,"href":"https:\/\/www.ovi.be\/fr\/wp-json\/wp\/v2\/product_tag?post=10128"}],"curies":[{"name":"wp","href":"https:\/\/api.w.org\/{rel}","templated":true}]}}