{"id":10119,"date":"2022-11-10T17:43:28","date_gmt":"2022-11-10T15:43:28","guid":{"rendered":"https:\/\/www.ovi.be\/product\/frankfurter-worstjes-40g-ovi-40171\/"},"modified":"2024-11-05T11:11:11","modified_gmt":"2024-11-05T09:11:11","slug":"saucisses-francfort-40g-ovi-40171","status":"publish","type":"product","link":"https:\/\/www.ovi.be\/fr\/produits\/saucisses-francfort-40g-ovi-40171\/","title":{"rendered":"Saucisses de Francfort 10 x 40g OVI"},"content":{"rendered":"","protected":false},"excerpt":{"rendered":"","protected":false},"featured_media":9336,"comment_status":"closed","ping_status":"closed","template":"","meta":{"_acf_changed":false},"product_brand":[],"product_cat":[852,733,858,859,861,869],"product_tag":[],"class_list":{"0":"post-10119","1":"product","2":"type-product","3":"status-publish","4":"has-post-thumbnail","6":"product_cat-au-bain-marie-fr","7":"product_cat-ovi-fr","8":"product_cat-poele","9":"product_cat-pret-a-manger","10":"product_cat-temperature-ambiente","11":"product_cat-vleesconserven-fr","13":"first","14":"instock","15":"product-type-simple"},"acf":[],"yoast_head":"<!-- This site is optimized with the Yoast SEO plugin v26.4 - https:\/\/yoast.com\/wordpress\/plugins\/seo\/ -->\n<title>Saucisses de Francfort 10 x 40g OVI - OVI<\/title>\n<meta name=\"description\" content=\"Des saucisses fum\u00e9es au bois de h\u00eatre \u00e0 base de volaille et de porc. D\u00e9licieuses dans un sandwich.\" \/>\n<meta name=\"robots\" content=\"index, follow, max-snippet:-1, max-image-preview:large, max-video-preview:-1\" \/>\n<link rel=\"canonical\" href=\"https:\/\/www.ovi.eu\/produits\/frankfurter-worstjes-40g-ovi-40171\/\" \/>\n<meta property=\"og:locale\" content=\"fr_FR\" \/>\n<meta property=\"og:type\" content=\"article\" \/>\n<meta property=\"og:title\" content=\"Saucisses de Francfort 10 x 40g OVI - OVI\" \/>\n<meta property=\"og:description\" content=\"Des saucisses fum\u00e9es au bois de h\u00eatre \u00e0 base de volaille et de porc. D\u00e9licieuses dans un sandwich.\" \/>\n<meta property=\"og:url\" content=\"https:\/\/www.ovi.eu\/produits\/frankfurter-worstjes-40g-ovi-40171\/\" \/>\n<meta property=\"og:site_name\" content=\"OVI\" \/>\n<meta property=\"article:publisher\" content=\"https:\/\/www.facebook.com\/OlenseVleeswarenIndustrie\" \/>\n<meta property=\"article:modified_time\" content=\"2024-11-05T09:11:11+00:00\" \/>\n<meta property=\"og:image\" content=\"https:\/\/www.ovi.eu\/wp-content\/uploads\/2022\/11\/40171-toekomst-scaled.jpg\" \/>\n\t<meta property=\"og:image:width\" content=\"1859\" \/>\n\t<meta property=\"og:image:height\" content=\"2560\" \/>\n\t<meta property=\"og:image:type\" content=\"image\/jpeg\" \/>\n<meta name=\"twitter:card\" content=\"summary_large_image\" \/>\n<meta name=\"twitter:label1\" content=\"Dur\u00e9e de lecture est.\" \/>\n\t<meta name=\"twitter:data1\" content=\"1 minute\" \/>\n<script type=\"application\/ld+json\" class=\"yoast-schema-graph\">{\"@context\":\"https:\/\/schema.org\",\"@graph\":[{\"@type\":\"WebPage\",\"@id\":\"https:\/\/www.ovi.eu\/produits\/frankfurter-worstjes-40g-ovi-40171\/\",\"url\":\"https:\/\/www.ovi.eu\/produits\/frankfurter-worstjes-40g-ovi-40171\/\",\"name\":\"Saucisses de Francfort 10 x 40g OVI - OVI\",\"isPartOf\":{\"@id\":\"https:\/\/www.ovi.be\/#website\"},\"primaryImageOfPage\":{\"@id\":\"https:\/\/www.ovi.eu\/produits\/frankfurter-worstjes-40g-ovi-40171\/#primaryimage\"},\"image\":{\"@id\":\"https:\/\/www.ovi.eu\/produits\/frankfurter-worstjes-40g-ovi-40171\/#primaryimage\"},\"thumbnailUrl\":\"https:\/\/www.ovi.be\/wp-content\/uploads\/2022\/11\/40171-toekomst-scaled.jpg\",\"datePublished\":\"2022-11-10T15:43:28+00:00\",\"dateModified\":\"2024-11-05T09:11:11+00:00\",\"description\":\"Des saucisses fum\u00e9es au bois de h\u00eatre \u00e0 base de volaille et de porc. D\u00e9licieuses dans un sandwich.\",\"breadcrumb\":{\"@id\":\"https:\/\/www.ovi.eu\/produits\/frankfurter-worstjes-40g-ovi-40171\/#breadcrumb\"},\"inLanguage\":\"fr-BE\",\"potentialAction\":[{\"@type\":\"ReadAction\",\"target\":[\"https:\/\/www.ovi.eu\/produits\/frankfurter-worstjes-40g-ovi-40171\/\"]}]},{\"@type\":\"ImageObject\",\"inLanguage\":\"fr-BE\",\"@id\":\"https:\/\/www.ovi.eu\/produits\/frankfurter-worstjes-40g-ovi-40171\/#primaryimage\",\"url\":\"https:\/\/www.ovi.be\/wp-content\/uploads\/2022\/11\/40171-toekomst-scaled.jpg\",\"contentUrl\":\"https:\/\/www.ovi.be\/wp-content\/uploads\/2022\/11\/40171-toekomst-scaled.jpg\",\"width\":1859,\"height\":2560},{\"@type\":\"BreadcrumbList\",\"@id\":\"https:\/\/www.ovi.eu\/produits\/frankfurter-worstjes-40g-ovi-40171\/#breadcrumb\",\"itemListElement\":[{\"@type\":\"ListItem\",\"position\":1,\"name\":\"Home\",\"item\":\"https:\/\/www.ovi.be\/fr\/\"},{\"@type\":\"ListItem\",\"position\":2,\"name\":\"Produits\",\"item\":\"https:\/\/www.ovi.be\/fr\/produits\/\"},{\"@type\":\"ListItem\",\"position\":3,\"name\":\"Saucisses de Francfort 10 x 40g OVI\"}]},{\"@type\":\"WebSite\",\"@id\":\"https:\/\/www.ovi.be\/#website\",\"url\":\"https:\/\/www.ovi.be\/\",\"name\":\"OVI\",\"description\":\"Your food partner\",\"publisher\":{\"@id\":\"https:\/\/www.ovi.be\/#organization\"},\"potentialAction\":[{\"@type\":\"SearchAction\",\"target\":{\"@type\":\"EntryPoint\",\"urlTemplate\":\"https:\/\/www.ovi.be\/?s={search_term_string}\"},\"query-input\":{\"@type\":\"PropertyValueSpecification\",\"valueRequired\":true,\"valueName\":\"search_term_string\"}}],\"inLanguage\":\"fr-BE\"},{\"@type\":\"Organization\",\"@id\":\"https:\/\/www.ovi.be\/#organization\",\"name\":\"OVI\",\"url\":\"https:\/\/www.ovi.be\/\",\"logo\":{\"@type\":\"ImageObject\",\"inLanguage\":\"fr-BE\",\"@id\":\"https:\/\/www.ovi.be\/#\/schema\/logo\/image\/\",\"url\":\"https:\/\/www.ovi.be\/wp-content\/uploads\/2022\/09\/mkn-ovrzct.svg\",\"contentUrl\":\"https:\/\/www.ovi.be\/wp-content\/uploads\/2022\/09\/mkn-ovrzct.svg\",\"width\":220,\"height\":187,\"caption\":\"OVI\"},\"image\":{\"@id\":\"https:\/\/www.ovi.be\/#\/schema\/logo\/image\/\"},\"sameAs\":[\"https:\/\/www.facebook.com\/OlenseVleeswarenIndustrie\",\"https:\/\/www.linkedin.com\/company\/olensevleeswarenindustrie\/\"]}]}<\/script>\n<!-- \/ Yoast SEO plugin. -->","yoast_head_json":{"title":"Saucisses de Francfort 10 x 40g OVI - OVI","description":"Des saucisses fum\u00e9es au bois de h\u00eatre \u00e0 base de volaille et de porc. D\u00e9licieuses dans un sandwich.","robots":{"index":"index","follow":"follow","max-snippet":"max-snippet:-1","max-image-preview":"max-image-preview:large","max-video-preview":"max-video-preview:-1"},"canonical":"https:\/\/www.ovi.eu\/produits\/frankfurter-worstjes-40g-ovi-40171\/","og_locale":"fr_FR","og_type":"article","og_title":"Saucisses de Francfort 10 x 40g OVI - OVI","og_description":"Des saucisses fum\u00e9es au bois de h\u00eatre \u00e0 base de volaille et de porc. D\u00e9licieuses dans un sandwich.","og_url":"https:\/\/www.ovi.eu\/produits\/frankfurter-worstjes-40g-ovi-40171\/","og_site_name":"OVI","article_publisher":"https:\/\/www.facebook.com\/OlenseVleeswarenIndustrie","article_modified_time":"2024-11-05T09:11:11+00:00","og_image":[{"width":1859,"height":2560,"url":"https:\/\/www.ovi.eu\/wp-content\/uploads\/2022\/11\/40171-toekomst-scaled.jpg","type":"image\/jpeg"}],"twitter_card":"summary_large_image","twitter_misc":{"Dur\u00e9e de lecture est.":"1 minute"},"schema":{"@context":"https:\/\/schema.org","@graph":[{"@type":"WebPage","@id":"https:\/\/www.ovi.eu\/produits\/frankfurter-worstjes-40g-ovi-40171\/","url":"https:\/\/www.ovi.eu\/produits\/frankfurter-worstjes-40g-ovi-40171\/","name":"Saucisses de Francfort 10 x 40g OVI - OVI","isPartOf":{"@id":"https:\/\/www.ovi.be\/#website"},"primaryImageOfPage":{"@id":"https:\/\/www.ovi.eu\/produits\/frankfurter-worstjes-40g-ovi-40171\/#primaryimage"},"image":{"@id":"https:\/\/www.ovi.eu\/produits\/frankfurter-worstjes-40g-ovi-40171\/#primaryimage"},"thumbnailUrl":"https:\/\/www.ovi.be\/wp-content\/uploads\/2022\/11\/40171-toekomst-scaled.jpg","datePublished":"2022-11-10T15:43:28+00:00","dateModified":"2024-11-05T09:11:11+00:00","description":"Des saucisses fum\u00e9es au bois de h\u00eatre \u00e0 base de volaille et de porc. D\u00e9licieuses dans un sandwich.","breadcrumb":{"@id":"https:\/\/www.ovi.eu\/produits\/frankfurter-worstjes-40g-ovi-40171\/#breadcrumb"},"inLanguage":"fr-BE","potentialAction":[{"@type":"ReadAction","target":["https:\/\/www.ovi.eu\/produits\/frankfurter-worstjes-40g-ovi-40171\/"]}]},{"@type":"ImageObject","inLanguage":"fr-BE","@id":"https:\/\/www.ovi.eu\/produits\/frankfurter-worstjes-40g-ovi-40171\/#primaryimage","url":"https:\/\/www.ovi.be\/wp-content\/uploads\/2022\/11\/40171-toekomst-scaled.jpg","contentUrl":"https:\/\/www.ovi.be\/wp-content\/uploads\/2022\/11\/40171-toekomst-scaled.jpg","width":1859,"height":2560},{"@type":"BreadcrumbList","@id":"https:\/\/www.ovi.eu\/produits\/frankfurter-worstjes-40g-ovi-40171\/#breadcrumb","itemListElement":[{"@type":"ListItem","position":1,"name":"Home","item":"https:\/\/www.ovi.be\/fr\/"},{"@type":"ListItem","position":2,"name":"Produits","item":"https:\/\/www.ovi.be\/fr\/produits\/"},{"@type":"ListItem","position":3,"name":"Saucisses de Francfort 10 x 40g OVI"}]},{"@type":"WebSite","@id":"https:\/\/www.ovi.be\/#website","url":"https:\/\/www.ovi.be\/","name":"OVI","description":"Your food partner","publisher":{"@id":"https:\/\/www.ovi.be\/#organization"},"potentialAction":[{"@type":"SearchAction","target":{"@type":"EntryPoint","urlTemplate":"https:\/\/www.ovi.be\/?s={search_term_string}"},"query-input":{"@type":"PropertyValueSpecification","valueRequired":true,"valueName":"search_term_string"}}],"inLanguage":"fr-BE"},{"@type":"Organization","@id":"https:\/\/www.ovi.be\/#organization","name":"OVI","url":"https:\/\/www.ovi.be\/","logo":{"@type":"ImageObject","inLanguage":"fr-BE","@id":"https:\/\/www.ovi.be\/#\/schema\/logo\/image\/","url":"https:\/\/www.ovi.be\/wp-content\/uploads\/2022\/09\/mkn-ovrzct.svg","contentUrl":"https:\/\/www.ovi.be\/wp-content\/uploads\/2022\/09\/mkn-ovrzct.svg","width":220,"height":187,"caption":"OVI"},"image":{"@id":"https:\/\/www.ovi.be\/#\/schema\/logo\/image\/"},"sameAs":["https:\/\/www.facebook.com\/OlenseVleeswarenIndustrie","https:\/\/www.linkedin.com\/company\/olensevleeswarenindustrie\/"]}]}},"_links":{"self":[{"href":"https:\/\/www.ovi.be\/fr\/wp-json\/wp\/v2\/product\/10119","targetHints":{"allow":["GET"]}}],"collection":[{"href":"https:\/\/www.ovi.be\/fr\/wp-json\/wp\/v2\/product"}],"about":[{"href":"https:\/\/www.ovi.be\/fr\/wp-json\/wp\/v2\/types\/product"}],"replies":[{"embeddable":true,"href":"https:\/\/www.ovi.be\/fr\/wp-json\/wp\/v2\/comments?post=10119"}],"wp:featuredmedia":[{"embeddable":true,"href":"https:\/\/www.ovi.be\/fr\/wp-json\/wp\/v2\/media\/9336"}],"wp:attachment":[{"href":"https:\/\/www.ovi.be\/fr\/wp-json\/wp\/v2\/media?parent=10119"}],"wp:term":[{"taxonomy":"product_brand","embeddable":true,"href":"https:\/\/www.ovi.be\/fr\/wp-json\/wp\/v2\/product_brand?post=10119"},{"taxonomy":"product_cat","embeddable":true,"href":"https:\/\/www.ovi.be\/fr\/wp-json\/wp\/v2\/product_cat?post=10119"},{"taxonomy":"product_tag","embeddable":true,"href":"https:\/\/www.ovi.be\/fr\/wp-json\/wp\/v2\/product_tag?post=10119"}],"curies":[{"name":"wp","href":"https:\/\/api.w.org\/{rel}","templated":true}]}}