{"id":10102,"date":"2022-11-10T17:45:03","date_gmt":"2022-11-10T15:45:03","guid":{"rendered":"https:\/\/www.ovi.be\/product\/veenbessenpate-sainte-alliance-62146\/"},"modified":"2024-11-04T17:39:43","modified_gmt":"2024-11-04T15:39:43","slug":"cranberry-pate-sainte-alliance-62146","status":"publish","type":"product","link":"https:\/\/www.ovi.be\/en\/product\/cranberry-pate-sainte-alliance-62146\/","title":{"rendered":"Cranberry pat\u00e9 1,5kg SAINTE ALLIANCE"},"content":{"rendered":"","protected":false},"excerpt":{"rendered":"","protected":false},"featured_media":9385,"comment_status":"closed","ping_status":"closed","template":"","meta":{"_acf_changed":false},"product_brand":[],"product_cat":[748,711,714,725],"product_tag":[],"class_list":{"0":"post-10102","1":"product","2":"type-product","3":"status-publish","4":"has-post-thumbnail","6":"product_cat-charcuterie","7":"product_cat-ready-to-eat-en","8":"product_cat-refrigerator","9":"product_cat-sainte-alliance-en","11":"first","12":"instock","13":"product-type-simple"},"acf":[],"yoast_head":"<!-- This site is optimized with the Yoast SEO plugin v26.4 - https:\/\/yoast.com\/wordpress\/plugins\/seo\/ -->\n<title>Cranberry pat\u00e9 1,5kg SAINTE ALLIANCE - OVI<\/title>\n<meta name=\"description\" content=\"Creamy p\u00e2t\u00e9 made with pork liver and cranberry. Ideal as a starter or on toast.\" \/>\n<meta name=\"robots\" content=\"index, follow, max-snippet:-1, max-image-preview:large, max-video-preview:-1\" \/>\n<link rel=\"canonical\" href=\"https:\/\/www.ovi.eu\/en\/product\/cranberry-pate-sainte-alliance-62146\/\" \/>\n<meta property=\"og:locale\" content=\"en_US\" \/>\n<meta property=\"og:type\" content=\"article\" \/>\n<meta property=\"og:title\" content=\"Cranberry pat\u00e9 1,5kg SAINTE ALLIANCE - OVI\" \/>\n<meta property=\"og:description\" content=\"Creamy p\u00e2t\u00e9 made with pork liver and cranberry. Ideal as a starter or on toast.\" \/>\n<meta property=\"og:url\" content=\"https:\/\/www.ovi.eu\/en\/product\/cranberry-pate-sainte-alliance-62146\/\" \/>\n<meta property=\"og:site_name\" content=\"OVI\" \/>\n<meta property=\"article:publisher\" content=\"https:\/\/www.facebook.com\/OlenseVleeswarenIndustrie\" \/>\n<meta property=\"article:modified_time\" content=\"2024-11-04T15:39:43+00:00\" \/>\n<meta property=\"og:image\" content=\"https:\/\/www.ovi.eu\/wp-content\/uploads\/2022\/11\/62146-scaled.jpg\" \/>\n\t<meta property=\"og:image:width\" content=\"2560\" \/>\n\t<meta property=\"og:image:height\" content=\"1788\" \/>\n\t<meta property=\"og:image:type\" content=\"image\/jpeg\" \/>\n<meta name=\"twitter:card\" content=\"summary_large_image\" \/>\n<meta name=\"twitter:label1\" content=\"Est. reading time\" \/>\n\t<meta name=\"twitter:data1\" content=\"1 minute\" \/>\n<script type=\"application\/ld+json\" class=\"yoast-schema-graph\">{\"@context\":\"https:\/\/schema.org\",\"@graph\":[{\"@type\":\"WebPage\",\"@id\":\"https:\/\/www.ovi.eu\/en\/product\/cranberry-pate-sainte-alliance-62146\/\",\"url\":\"https:\/\/www.ovi.eu\/en\/product\/cranberry-pate-sainte-alliance-62146\/\",\"name\":\"Cranberry pat\u00e9 1,5kg SAINTE ALLIANCE - OVI\",\"isPartOf\":{\"@id\":\"https:\/\/www.ovi.be\/#website\"},\"primaryImageOfPage\":{\"@id\":\"https:\/\/www.ovi.eu\/en\/product\/cranberry-pate-sainte-alliance-62146\/#primaryimage\"},\"image\":{\"@id\":\"https:\/\/www.ovi.eu\/en\/product\/cranberry-pate-sainte-alliance-62146\/#primaryimage\"},\"thumbnailUrl\":\"https:\/\/www.ovi.be\/wp-content\/uploads\/2022\/11\/62146-scaled.jpg\",\"datePublished\":\"2022-11-10T15:45:03+00:00\",\"dateModified\":\"2024-11-04T15:39:43+00:00\",\"description\":\"Creamy p\u00e2t\u00e9 made with pork liver and cranberry. Ideal as a starter or on toast.\",\"breadcrumb\":{\"@id\":\"https:\/\/www.ovi.eu\/en\/product\/cranberry-pate-sainte-alliance-62146\/#breadcrumb\"},\"inLanguage\":\"en-US\",\"potentialAction\":[{\"@type\":\"ReadAction\",\"target\":[\"https:\/\/www.ovi.eu\/en\/product\/cranberry-pate-sainte-alliance-62146\/\"]}]},{\"@type\":\"ImageObject\",\"inLanguage\":\"en-US\",\"@id\":\"https:\/\/www.ovi.eu\/en\/product\/cranberry-pate-sainte-alliance-62146\/#primaryimage\",\"url\":\"https:\/\/www.ovi.be\/wp-content\/uploads\/2022\/11\/62146-scaled.jpg\",\"contentUrl\":\"https:\/\/www.ovi.be\/wp-content\/uploads\/2022\/11\/62146-scaled.jpg\",\"width\":2560,\"height\":1788},{\"@type\":\"BreadcrumbList\",\"@id\":\"https:\/\/www.ovi.eu\/en\/product\/cranberry-pate-sainte-alliance-62146\/#breadcrumb\",\"itemListElement\":[{\"@type\":\"ListItem\",\"position\":1,\"name\":\"Home\",\"item\":\"https:\/\/www.ovi.be\/en\/\"},{\"@type\":\"ListItem\",\"position\":2,\"name\":\"Products\",\"item\":\"https:\/\/www.ovi.be\/en\/products\/\"},{\"@type\":\"ListItem\",\"position\":3,\"name\":\"Cranberry pat\u00e9 1,5kg SAINTE ALLIANCE\"}]},{\"@type\":\"WebSite\",\"@id\":\"https:\/\/www.ovi.be\/#website\",\"url\":\"https:\/\/www.ovi.be\/\",\"name\":\"OVI\",\"description\":\"Your food partner\",\"publisher\":{\"@id\":\"https:\/\/www.ovi.be\/#organization\"},\"potentialAction\":[{\"@type\":\"SearchAction\",\"target\":{\"@type\":\"EntryPoint\",\"urlTemplate\":\"https:\/\/www.ovi.be\/?s={search_term_string}\"},\"query-input\":{\"@type\":\"PropertyValueSpecification\",\"valueRequired\":true,\"valueName\":\"search_term_string\"}}],\"inLanguage\":\"en-US\"},{\"@type\":\"Organization\",\"@id\":\"https:\/\/www.ovi.be\/#organization\",\"name\":\"OVI\",\"url\":\"https:\/\/www.ovi.be\/\",\"logo\":{\"@type\":\"ImageObject\",\"inLanguage\":\"en-US\",\"@id\":\"https:\/\/www.ovi.be\/#\/schema\/logo\/image\/\",\"url\":\"https:\/\/www.ovi.be\/wp-content\/uploads\/2022\/09\/mkn-ovrzct.svg\",\"contentUrl\":\"https:\/\/www.ovi.be\/wp-content\/uploads\/2022\/09\/mkn-ovrzct.svg\",\"width\":220,\"height\":187,\"caption\":\"OVI\"},\"image\":{\"@id\":\"https:\/\/www.ovi.be\/#\/schema\/logo\/image\/\"},\"sameAs\":[\"https:\/\/www.facebook.com\/OlenseVleeswarenIndustrie\",\"https:\/\/www.linkedin.com\/company\/olensevleeswarenindustrie\/\"]}]}<\/script>\n<!-- \/ Yoast SEO plugin. -->","yoast_head_json":{"title":"Cranberry pat\u00e9 1,5kg SAINTE ALLIANCE - OVI","description":"Creamy p\u00e2t\u00e9 made with pork liver and cranberry. Ideal as a starter or on toast.","robots":{"index":"index","follow":"follow","max-snippet":"max-snippet:-1","max-image-preview":"max-image-preview:large","max-video-preview":"max-video-preview:-1"},"canonical":"https:\/\/www.ovi.eu\/en\/product\/cranberry-pate-sainte-alliance-62146\/","og_locale":"en_US","og_type":"article","og_title":"Cranberry pat\u00e9 1,5kg SAINTE ALLIANCE - OVI","og_description":"Creamy p\u00e2t\u00e9 made with pork liver and cranberry. Ideal as a starter or on toast.","og_url":"https:\/\/www.ovi.eu\/en\/product\/cranberry-pate-sainte-alliance-62146\/","og_site_name":"OVI","article_publisher":"https:\/\/www.facebook.com\/OlenseVleeswarenIndustrie","article_modified_time":"2024-11-04T15:39:43+00:00","og_image":[{"width":2560,"height":1788,"url":"https:\/\/www.ovi.eu\/wp-content\/uploads\/2022\/11\/62146-scaled.jpg","type":"image\/jpeg"}],"twitter_card":"summary_large_image","twitter_misc":{"Est. reading time":"1 minute"},"schema":{"@context":"https:\/\/schema.org","@graph":[{"@type":"WebPage","@id":"https:\/\/www.ovi.eu\/en\/product\/cranberry-pate-sainte-alliance-62146\/","url":"https:\/\/www.ovi.eu\/en\/product\/cranberry-pate-sainte-alliance-62146\/","name":"Cranberry pat\u00e9 1,5kg SAINTE ALLIANCE - OVI","isPartOf":{"@id":"https:\/\/www.ovi.be\/#website"},"primaryImageOfPage":{"@id":"https:\/\/www.ovi.eu\/en\/product\/cranberry-pate-sainte-alliance-62146\/#primaryimage"},"image":{"@id":"https:\/\/www.ovi.eu\/en\/product\/cranberry-pate-sainte-alliance-62146\/#primaryimage"},"thumbnailUrl":"https:\/\/www.ovi.be\/wp-content\/uploads\/2022\/11\/62146-scaled.jpg","datePublished":"2022-11-10T15:45:03+00:00","dateModified":"2024-11-04T15:39:43+00:00","description":"Creamy p\u00e2t\u00e9 made with pork liver and cranberry. Ideal as a starter or on toast.","breadcrumb":{"@id":"https:\/\/www.ovi.eu\/en\/product\/cranberry-pate-sainte-alliance-62146\/#breadcrumb"},"inLanguage":"en-US","potentialAction":[{"@type":"ReadAction","target":["https:\/\/www.ovi.eu\/en\/product\/cranberry-pate-sainte-alliance-62146\/"]}]},{"@type":"ImageObject","inLanguage":"en-US","@id":"https:\/\/www.ovi.eu\/en\/product\/cranberry-pate-sainte-alliance-62146\/#primaryimage","url":"https:\/\/www.ovi.be\/wp-content\/uploads\/2022\/11\/62146-scaled.jpg","contentUrl":"https:\/\/www.ovi.be\/wp-content\/uploads\/2022\/11\/62146-scaled.jpg","width":2560,"height":1788},{"@type":"BreadcrumbList","@id":"https:\/\/www.ovi.eu\/en\/product\/cranberry-pate-sainte-alliance-62146\/#breadcrumb","itemListElement":[{"@type":"ListItem","position":1,"name":"Home","item":"https:\/\/www.ovi.be\/en\/"},{"@type":"ListItem","position":2,"name":"Products","item":"https:\/\/www.ovi.be\/en\/products\/"},{"@type":"ListItem","position":3,"name":"Cranberry pat\u00e9 1,5kg SAINTE ALLIANCE"}]},{"@type":"WebSite","@id":"https:\/\/www.ovi.be\/#website","url":"https:\/\/www.ovi.be\/","name":"OVI","description":"Your food partner","publisher":{"@id":"https:\/\/www.ovi.be\/#organization"},"potentialAction":[{"@type":"SearchAction","target":{"@type":"EntryPoint","urlTemplate":"https:\/\/www.ovi.be\/?s={search_term_string}"},"query-input":{"@type":"PropertyValueSpecification","valueRequired":true,"valueName":"search_term_string"}}],"inLanguage":"en-US"},{"@type":"Organization","@id":"https:\/\/www.ovi.be\/#organization","name":"OVI","url":"https:\/\/www.ovi.be\/","logo":{"@type":"ImageObject","inLanguage":"en-US","@id":"https:\/\/www.ovi.be\/#\/schema\/logo\/image\/","url":"https:\/\/www.ovi.be\/wp-content\/uploads\/2022\/09\/mkn-ovrzct.svg","contentUrl":"https:\/\/www.ovi.be\/wp-content\/uploads\/2022\/09\/mkn-ovrzct.svg","width":220,"height":187,"caption":"OVI"},"image":{"@id":"https:\/\/www.ovi.be\/#\/schema\/logo\/image\/"},"sameAs":["https:\/\/www.facebook.com\/OlenseVleeswarenIndustrie","https:\/\/www.linkedin.com\/company\/olensevleeswarenindustrie\/"]}]}},"_links":{"self":[{"href":"https:\/\/www.ovi.be\/en\/wp-json\/wp\/v2\/product\/10102","targetHints":{"allow":["GET"]}}],"collection":[{"href":"https:\/\/www.ovi.be\/en\/wp-json\/wp\/v2\/product"}],"about":[{"href":"https:\/\/www.ovi.be\/en\/wp-json\/wp\/v2\/types\/product"}],"replies":[{"embeddable":true,"href":"https:\/\/www.ovi.be\/en\/wp-json\/wp\/v2\/comments?post=10102"}],"wp:featuredmedia":[{"embeddable":true,"href":"https:\/\/www.ovi.be\/en\/wp-json\/wp\/v2\/media\/9385"}],"wp:attachment":[{"href":"https:\/\/www.ovi.be\/en\/wp-json\/wp\/v2\/media?parent=10102"}],"wp:term":[{"taxonomy":"product_brand","embeddable":true,"href":"https:\/\/www.ovi.be\/en\/wp-json\/wp\/v2\/product_brand?post=10102"},{"taxonomy":"product_cat","embeddable":true,"href":"https:\/\/www.ovi.be\/en\/wp-json\/wp\/v2\/product_cat?post=10102"},{"taxonomy":"product_tag","embeddable":true,"href":"https:\/\/www.ovi.be\/en\/wp-json\/wp\/v2\/product_tag?post=10102"}],"curies":[{"name":"wp","href":"https:\/\/api.w.org\/{rel}","templated":true}]}}