{"id":10024,"date":"2022-11-10T17:44:17","date_gmt":"2022-11-10T15:44:17","guid":{"rendered":"https:\/\/www.ovi.be\/product\/haaspate-de-belie-61129\/"},"modified":"2024-11-04T14:41:31","modified_gmt":"2024-11-04T12:41:31","slug":"hare-pate-de-belie-61129","status":"publish","type":"product","link":"https:\/\/www.ovi.be\/en\/product\/hare-pate-de-belie-61129\/","title":{"rendered":"Hare pat\u00e9 1kg DE BELIE"},"content":{"rendered":"","protected":false},"excerpt":{"rendered":"","protected":false},"featured_media":6146,"comment_status":"closed","ping_status":"closed","template":"","meta":{"_acf_changed":false},"product_brand":[],"product_cat":[748,717,711,714],"product_tag":[],"class_list":{"0":"post-10024","1":"product","2":"type-product","3":"status-publish","4":"has-post-thumbnail","6":"product_cat-charcuterie","7":"product_cat-de-belie-en","8":"product_cat-ready-to-eat-en","9":"product_cat-refrigerator","11":"first","12":"instock","13":"product-type-simple"},"acf":[],"yoast_head":"<!-- This site is optimized with the Yoast SEO plugin v26.4 - https:\/\/yoast.com\/wordpress\/plugins\/seo\/ -->\n<title>Hare pat\u00e9 1kg DE BELIE - OVI<\/title>\n<meta name=\"description\" content=\"Creamy p\u00e2t\u00e9 made with pork liver and hare meat mixed with herbs and spices. Ideal as a sandwich spread, starter or on toast.\" \/>\n<meta name=\"robots\" content=\"index, follow, max-snippet:-1, max-image-preview:large, max-video-preview:-1\" \/>\n<link rel=\"canonical\" href=\"https:\/\/www.ovi.eu\/product\/haaspate-de-belie-61129\/\" \/>\n<meta property=\"og:locale\" content=\"en_US\" \/>\n<meta property=\"og:type\" content=\"article\" \/>\n<meta property=\"og:title\" content=\"Hare pat\u00e9 1kg DE BELIE - OVI\" \/>\n<meta property=\"og:description\" content=\"Creamy p\u00e2t\u00e9 made with pork liver and hare meat mixed with herbs and spices. Ideal as a sandwich spread, starter or on toast.\" \/>\n<meta property=\"og:url\" content=\"https:\/\/www.ovi.eu\/product\/haaspate-de-belie-61129\/\" \/>\n<meta property=\"og:site_name\" content=\"OVI\" \/>\n<meta property=\"article:publisher\" content=\"https:\/\/www.facebook.com\/OlenseVleeswarenIndustrie\" \/>\n<meta property=\"article:modified_time\" content=\"2024-11-04T12:41:31+00:00\" \/>\n<meta property=\"og:image\" content=\"https:\/\/www.ovi.eu\/wp-content\/uploads\/2022\/11\/Packshot-hazenpate-1kg-scaled.jpg\" \/>\n\t<meta property=\"og:image:width\" content=\"1199\" \/>\n\t<meta property=\"og:image:height\" content=\"2560\" \/>\n\t<meta property=\"og:image:type\" content=\"image\/jpeg\" \/>\n<meta name=\"twitter:card\" content=\"summary_large_image\" \/>\n<meta name=\"twitter:label1\" content=\"Est. reading time\" \/>\n\t<meta name=\"twitter:data1\" content=\"1 minute\" \/>\n<script type=\"application\/ld+json\" class=\"yoast-schema-graph\">{\"@context\":\"https:\/\/schema.org\",\"@graph\":[{\"@type\":\"WebPage\",\"@id\":\"https:\/\/www.ovi.eu\/product\/haaspate-de-belie-61129\/\",\"url\":\"https:\/\/www.ovi.eu\/product\/haaspate-de-belie-61129\/\",\"name\":\"Hare pat\u00e9 1kg DE BELIE - OVI\",\"isPartOf\":{\"@id\":\"https:\/\/www.ovi.be\/#website\"},\"primaryImageOfPage\":{\"@id\":\"https:\/\/www.ovi.eu\/product\/haaspate-de-belie-61129\/#primaryimage\"},\"image\":{\"@id\":\"https:\/\/www.ovi.eu\/product\/haaspate-de-belie-61129\/#primaryimage\"},\"thumbnailUrl\":\"https:\/\/www.ovi.be\/wp-content\/uploads\/2022\/11\/Packshot-hazenpate-1kg-scaled.jpg\",\"datePublished\":\"2022-11-10T15:44:17+00:00\",\"dateModified\":\"2024-11-04T12:41:31+00:00\",\"description\":\"Creamy p\u00e2t\u00e9 made with pork liver and hare meat mixed with herbs and spices. Ideal as a sandwich spread, starter or on toast.\",\"breadcrumb\":{\"@id\":\"https:\/\/www.ovi.eu\/product\/haaspate-de-belie-61129\/#breadcrumb\"},\"inLanguage\":\"en-US\",\"potentialAction\":[{\"@type\":\"ReadAction\",\"target\":[\"https:\/\/www.ovi.eu\/product\/haaspate-de-belie-61129\/\"]}]},{\"@type\":\"ImageObject\",\"inLanguage\":\"en-US\",\"@id\":\"https:\/\/www.ovi.eu\/product\/haaspate-de-belie-61129\/#primaryimage\",\"url\":\"https:\/\/www.ovi.be\/wp-content\/uploads\/2022\/11\/Packshot-hazenpate-1kg-scaled.jpg\",\"contentUrl\":\"https:\/\/www.ovi.be\/wp-content\/uploads\/2022\/11\/Packshot-hazenpate-1kg-scaled.jpg\",\"width\":1199,\"height\":2560},{\"@type\":\"BreadcrumbList\",\"@id\":\"https:\/\/www.ovi.eu\/product\/haaspate-de-belie-61129\/#breadcrumb\",\"itemListElement\":[{\"@type\":\"ListItem\",\"position\":1,\"name\":\"Home\",\"item\":\"https:\/\/www.ovi.be\/en\/\"},{\"@type\":\"ListItem\",\"position\":2,\"name\":\"Products\",\"item\":\"https:\/\/www.ovi.be\/en\/products\/\"},{\"@type\":\"ListItem\",\"position\":3,\"name\":\"Hare pat\u00e9 1kg DE BELIE\"}]},{\"@type\":\"WebSite\",\"@id\":\"https:\/\/www.ovi.be\/#website\",\"url\":\"https:\/\/www.ovi.be\/\",\"name\":\"OVI\",\"description\":\"Your food partner\",\"publisher\":{\"@id\":\"https:\/\/www.ovi.be\/#organization\"},\"potentialAction\":[{\"@type\":\"SearchAction\",\"target\":{\"@type\":\"EntryPoint\",\"urlTemplate\":\"https:\/\/www.ovi.be\/?s={search_term_string}\"},\"query-input\":{\"@type\":\"PropertyValueSpecification\",\"valueRequired\":true,\"valueName\":\"search_term_string\"}}],\"inLanguage\":\"en-US\"},{\"@type\":\"Organization\",\"@id\":\"https:\/\/www.ovi.be\/#organization\",\"name\":\"OVI\",\"url\":\"https:\/\/www.ovi.be\/\",\"logo\":{\"@type\":\"ImageObject\",\"inLanguage\":\"en-US\",\"@id\":\"https:\/\/www.ovi.be\/#\/schema\/logo\/image\/\",\"url\":\"https:\/\/www.ovi.be\/wp-content\/uploads\/2022\/09\/mkn-ovrzct.svg\",\"contentUrl\":\"https:\/\/www.ovi.be\/wp-content\/uploads\/2022\/09\/mkn-ovrzct.svg\",\"width\":220,\"height\":187,\"caption\":\"OVI\"},\"image\":{\"@id\":\"https:\/\/www.ovi.be\/#\/schema\/logo\/image\/\"},\"sameAs\":[\"https:\/\/www.facebook.com\/OlenseVleeswarenIndustrie\",\"https:\/\/www.linkedin.com\/company\/olensevleeswarenindustrie\/\"]}]}<\/script>\n<!-- \/ Yoast SEO plugin. -->","yoast_head_json":{"title":"Hare pat\u00e9 1kg DE BELIE - OVI","description":"Creamy p\u00e2t\u00e9 made with pork liver and hare meat mixed with herbs and spices. Ideal as a sandwich spread, starter or on toast.","robots":{"index":"index","follow":"follow","max-snippet":"max-snippet:-1","max-image-preview":"max-image-preview:large","max-video-preview":"max-video-preview:-1"},"canonical":"https:\/\/www.ovi.eu\/product\/haaspate-de-belie-61129\/","og_locale":"en_US","og_type":"article","og_title":"Hare pat\u00e9 1kg DE BELIE - OVI","og_description":"Creamy p\u00e2t\u00e9 made with pork liver and hare meat mixed with herbs and spices. Ideal as a sandwich spread, starter or on toast.","og_url":"https:\/\/www.ovi.eu\/product\/haaspate-de-belie-61129\/","og_site_name":"OVI","article_publisher":"https:\/\/www.facebook.com\/OlenseVleeswarenIndustrie","article_modified_time":"2024-11-04T12:41:31+00:00","og_image":[{"width":1199,"height":2560,"url":"https:\/\/www.ovi.eu\/wp-content\/uploads\/2022\/11\/Packshot-hazenpate-1kg-scaled.jpg","type":"image\/jpeg"}],"twitter_card":"summary_large_image","twitter_misc":{"Est. reading time":"1 minute"},"schema":{"@context":"https:\/\/schema.org","@graph":[{"@type":"WebPage","@id":"https:\/\/www.ovi.eu\/product\/haaspate-de-belie-61129\/","url":"https:\/\/www.ovi.eu\/product\/haaspate-de-belie-61129\/","name":"Hare pat\u00e9 1kg DE BELIE - OVI","isPartOf":{"@id":"https:\/\/www.ovi.be\/#website"},"primaryImageOfPage":{"@id":"https:\/\/www.ovi.eu\/product\/haaspate-de-belie-61129\/#primaryimage"},"image":{"@id":"https:\/\/www.ovi.eu\/product\/haaspate-de-belie-61129\/#primaryimage"},"thumbnailUrl":"https:\/\/www.ovi.be\/wp-content\/uploads\/2022\/11\/Packshot-hazenpate-1kg-scaled.jpg","datePublished":"2022-11-10T15:44:17+00:00","dateModified":"2024-11-04T12:41:31+00:00","description":"Creamy p\u00e2t\u00e9 made with pork liver and hare meat mixed with herbs and spices. Ideal as a sandwich spread, starter or on toast.","breadcrumb":{"@id":"https:\/\/www.ovi.eu\/product\/haaspate-de-belie-61129\/#breadcrumb"},"inLanguage":"en-US","potentialAction":[{"@type":"ReadAction","target":["https:\/\/www.ovi.eu\/product\/haaspate-de-belie-61129\/"]}]},{"@type":"ImageObject","inLanguage":"en-US","@id":"https:\/\/www.ovi.eu\/product\/haaspate-de-belie-61129\/#primaryimage","url":"https:\/\/www.ovi.be\/wp-content\/uploads\/2022\/11\/Packshot-hazenpate-1kg-scaled.jpg","contentUrl":"https:\/\/www.ovi.be\/wp-content\/uploads\/2022\/11\/Packshot-hazenpate-1kg-scaled.jpg","width":1199,"height":2560},{"@type":"BreadcrumbList","@id":"https:\/\/www.ovi.eu\/product\/haaspate-de-belie-61129\/#breadcrumb","itemListElement":[{"@type":"ListItem","position":1,"name":"Home","item":"https:\/\/www.ovi.be\/en\/"},{"@type":"ListItem","position":2,"name":"Products","item":"https:\/\/www.ovi.be\/en\/products\/"},{"@type":"ListItem","position":3,"name":"Hare pat\u00e9 1kg DE BELIE"}]},{"@type":"WebSite","@id":"https:\/\/www.ovi.be\/#website","url":"https:\/\/www.ovi.be\/","name":"OVI","description":"Your food partner","publisher":{"@id":"https:\/\/www.ovi.be\/#organization"},"potentialAction":[{"@type":"SearchAction","target":{"@type":"EntryPoint","urlTemplate":"https:\/\/www.ovi.be\/?s={search_term_string}"},"query-input":{"@type":"PropertyValueSpecification","valueRequired":true,"valueName":"search_term_string"}}],"inLanguage":"en-US"},{"@type":"Organization","@id":"https:\/\/www.ovi.be\/#organization","name":"OVI","url":"https:\/\/www.ovi.be\/","logo":{"@type":"ImageObject","inLanguage":"en-US","@id":"https:\/\/www.ovi.be\/#\/schema\/logo\/image\/","url":"https:\/\/www.ovi.be\/wp-content\/uploads\/2022\/09\/mkn-ovrzct.svg","contentUrl":"https:\/\/www.ovi.be\/wp-content\/uploads\/2022\/09\/mkn-ovrzct.svg","width":220,"height":187,"caption":"OVI"},"image":{"@id":"https:\/\/www.ovi.be\/#\/schema\/logo\/image\/"},"sameAs":["https:\/\/www.facebook.com\/OlenseVleeswarenIndustrie","https:\/\/www.linkedin.com\/company\/olensevleeswarenindustrie\/"]}]}},"_links":{"self":[{"href":"https:\/\/www.ovi.be\/en\/wp-json\/wp\/v2\/product\/10024","targetHints":{"allow":["GET"]}}],"collection":[{"href":"https:\/\/www.ovi.be\/en\/wp-json\/wp\/v2\/product"}],"about":[{"href":"https:\/\/www.ovi.be\/en\/wp-json\/wp\/v2\/types\/product"}],"replies":[{"embeddable":true,"href":"https:\/\/www.ovi.be\/en\/wp-json\/wp\/v2\/comments?post=10024"}],"wp:featuredmedia":[{"embeddable":true,"href":"https:\/\/www.ovi.be\/en\/wp-json\/wp\/v2\/media\/6146"}],"wp:attachment":[{"href":"https:\/\/www.ovi.be\/en\/wp-json\/wp\/v2\/media?parent=10024"}],"wp:term":[{"taxonomy":"product_brand","embeddable":true,"href":"https:\/\/www.ovi.be\/en\/wp-json\/wp\/v2\/product_brand?post=10024"},{"taxonomy":"product_cat","embeddable":true,"href":"https:\/\/www.ovi.be\/en\/wp-json\/wp\/v2\/product_cat?post=10024"},{"taxonomy":"product_tag","embeddable":true,"href":"https:\/\/www.ovi.be\/en\/wp-json\/wp\/v2\/product_tag?post=10024"}],"curies":[{"name":"wp","href":"https:\/\/api.w.org\/{rel}","templated":true}]}}